{"id":1314,"date":"2024-10-17T10:52:54","date_gmt":"2024-10-17T10:52:54","guid":{"rendered":"https:\/\/2024.ejustice.ch\/2024\/?page_id=1314"},"modified":"2026-04-14T06:09:41","modified_gmt":"2026-04-14T06:09:41","slug":"membres","status":"publish","type":"page","link":"https:\/\/ejustice.ch\/fr\/membres\/","title":{"rendered":"Membres"},"content":{"rendered":"<div class=\"wpb-content-wrapper\"><p>[vc_row css_animation=\u00a0\u00bb\u00a0\u00bb row_type=\u00a0\u00bbrow\u00a0\u00bb use_row_as_full_screen_section=\u00a0\u00bbno\u00a0\u00bb type=\u00a0\u00bbgrid\u00a0\u00bb angled_section=\u00a0\u00bbno\u00a0\u00bb text_align=\u00a0\u00bbleft\u00a0\u00bb background_image_as_pattern=\u00a0\u00bbwithout_pattern\u00a0\u00bb css=\u00a0\u00bb.vc_custom_1729163262383{padding-top: 126px !important;background-color: #ffffff !important;}\u00a0\u00bb z_index=\u00a0\u00bb\u00a0\u00bb padding_top=\u00a0\u00bb55&Prime;][vc_column][vc_column_text css=\u00a0\u00bb\u00a0\u00bb]Au sein de l\u2019association eJustice.ch, les autorit\u00e9s publiques charg\u00e9es de la publication du droit et les autorit\u00e9s judiciaires cantonales se r\u00e9unissent avec les autorit\u00e9s f\u00e9d\u00e9rales, des associations, des utilisateurs du droit, les principaux prestataires de services ainsi que des particuliers int\u00e9ress\u00e9s, afin de discuter et de promouvoir l\u2019utilisation des technologies de l\u2019information dans l\u2019administration de la justice. Il s\u2019agit d\u2019une plateforme unique en son genre.[\/vc_column_text][vc_empty_space][vc_column_text css=\u00a0\u00bb\u00a0\u00bb]<\/p>\n<h4>L&rsquo;association eJustice.ch compte actuellement 94 membres<\/h4>\n<p>[\/vc_column_text][\/vc_column][\/vc_row][vc_row css_animation=\u00a0\u00bb\u00a0\u00bb row_type=\u00a0\u00bbrow\u00a0\u00bb use_row_as_full_screen_section=\u00a0\u00bbno\u00a0\u00bb type=\u00a0\u00bbgrid\u00a0\u00bb angled_section=\u00a0\u00bbno\u00a0\u00bb text_align=\u00a0\u00bbleft\u00a0\u00bb background_image_as_pattern=\u00a0\u00bbwithout_pattern\u00a0\u00bb z_index=\u00a0\u00bb\u00a0\u00bb padding_top=\u00a0\u00bb75&Prime; padding_bottom=\u00a0\u00bb16&Prime; css=\u00a0\u00bb.vc_custom_1729163310060{padding-bottom: 126px !important;background-color: #ffffff !important;}\u00a0\u00bb][vc_column width=\u00a0\u00bb1\/3&Prime;][vc_column_text css=\u00a0\u00bb\u00a0\u00bb]<a href=\"https:\/\/acemoglu.ch\/index.html\" target=\"_blank\" rel=\"noopener\">Acemoglu Timur<\/a>[\/vc_column_text][vc_column_text css=\u00a0\u00bb\u00a0\u00bb]<a href=\"https:\/\/alan.ch\" target=\"_blank\" rel=\"noopener\">ALAN Software AG<\/a>[\/vc_column_text][vc_column_text css=\u00a0\u00bb\u00a0\u00bb]Apel Jens[\/vc_column_text][vc_column_text css=\u00a0\u00bb\u00a0\u00bb]<a href=\"https:\/\/app.ch\/\" target=\"_blank\" rel=\"noopener\">APP Unternehmensberatung AG<\/a>[\/vc_column_text][vc_column_text css=\u00a0\u00bb\u00a0\u00bb]<a href=\"https:\/\/www.balo.ai\" target=\"_blank\" rel=\"noopener\">balo.ai<\/a>[\/vc_column_text][vc_column_text css=\u00a0\u00bb\u00a0\u00bb]<a href=\"https:\/\/www.bfh.ch\/en\/\" target=\"_blank\" rel=\"noopener\">Berner Fachhochschule BFH<\/a>[\/vc_column_text][vc_column_text css=\u00a0\u00bb\u00a0\u00bb]<a href=\"https:\/\/blumgrob.ch\/?gad_source=1&amp;gad_campaignid=12558122370&amp;gbraid=0AAAAACxd4CiNCjeNEzcm1ZNre6raI7XWZ&amp;gclid=Cj0KCQiAyP3KBhD9ARIsAAJLnnbZ_W0IP3xh3F0rzZQQRnUXbDadho68AsT4gvRD9ygb7YaEg4F1jAwaAgd3EALw_wcB\" target=\"_blank\" rel=\"noopener\">Blum&amp;Grob Rechtsanw\u00e4lte AG<\/a>[\/vc_column_text][vc_column_text css=\u00a0\u00bb\u00a0\u00bb]Br\u00f6nnimann Kaspar[\/vc_column_text][vc_column_text css=\u00a0\u00bb\u00a0\u00bb]<a href=\"https:\/\/www.fr.ch\" target=\"_blank\" rel=\"noopener\">Canton de Fribourg, repr. par le Tribunal cantonal<\/a>[\/vc_column_text][vc_column_text css=\u00a0\u00bb\u00a0\u00bb]<a href=\"https:\/\/www.ne.ch\/Pages\/accueil.aspx\" target=\"_blank\" rel=\"noopener\">Canton de Neuchatel, repr. par le Tribunal cantonal<\/a>[\/vc_column_text][vc_column_text css=\u00a0\u00bb\u00a0\u00bb]<a href=\"https:\/\/www.vs.ch\" target=\"_blank\" rel=\"noopener\">Canton de Valais, repr. par le Tribunal Cantonal<\/a>[\/vc_column_text][vc_column_text css=\u00a0\u00bb\u00a0\u00bb]<a href=\"https:\/\/www.vd.ch\" target=\"_blank\" rel=\"noopener\">Canton de Vaud<\/a>[\/vc_column_text][vc_column_text css=\u00a0\u00bb\u00a0\u00bb]<a href=\"https:\/\/www.bk.admin.ch\/bk\/de\/home.html\" target=\"_blank\" rel=\"noopener\"><span style=\"font-weight: 400;\">Chancellerie f\u00e9d\u00e9rale<\/span><\/a>[\/vc_column_text][vc_column_text css=\u00a0\u00bb\u00a0\u00bb]<span style=\"font-weight: 400;\"><a href=\"https:\/\/www.bj.admin.ch\/bj\/de\/home.html\" target=\"_blank\" rel=\"noopener\">Conf\u00e9d\u00e9ration suisse, repr. par l\u2019Office f\u00e9d\u00e9ral de la justice (OFJ)<\/a><\/span><em style=\"font-weight: 400;\"><a href=\"https:\/\/www.bj.admin.ch\/bj\/de\/home.html\" target=\"_blank\" rel=\"noopener\"><br \/>\n<\/a><\/em>[\/vc_column_text][vc_column_text css=\u00a0\u00bb\u00a0\u00bb]de Mestral Yves[\/vc_column_text][vc_column_text css=\u00a0\u00bb\u00a0\u00bb]<a href=\"https:\/\/deltalogic.ch\" target=\"_blank\" rel=\"noopener\">Delta Logic AG<\/a>[\/vc_column_text][vc_column_text css=\u00a0\u00bb\u00a0\u00bb]Dietschi Andreas[\/vc_column_text][vc_column_text css=\u00a0\u00bb\u00a0\u00bb]D\u00fcblin Florian[\/vc_column_text][vc_column_text css=\u00a0\u00bb\u00a0\u00bb]<a href=\"https:\/\/ehrenreich.ch\" target=\"_blank\" rel=\"noopener\">Ehrenreich GmbH<\/a>[\/vc_column_text][vc_column_text css=\u00a0\u00bb\u00a0\u00bb]Erbgut J\u00f6rn[\/vc_column_text][vc_column_text css=\u00a0\u00bb\u00a0\u00bb]<a href=\"https:\/\/www.eurospider.com\/de\/\" target=\"_blank\" rel=\"noopener\">Eurospider Information Technology AG<\/a>[\/vc_column_text][vc_column_text css=\u00a0\u00bb\u00a0\u00bb]<a href=\"https:\/\/lexing.ch\" target=\"_blank\" rel=\"noopener\">Fanti S\u00e9bastien<\/a>[\/vc_column_text][vc_column_text css=\u00a0\u00bb\u00a0\u00bb]<a href=\"https:\/\/www.liechtenstein.li\" target=\"_blank\" rel=\"noopener\">F\u00fcrstentum Liechtenstein, v.d. Rechtsdienst der Regierung FL<\/a>[\/vc_column_text][vc_column_text css=\u00a0\u00bb\u00a0\u00bb]<a href=\"https:\/\/www.advokaten-bs.ch\/\" target=\"_blank\" rel=\"noopener\">Gass Simon<\/a>[\/vc_column_text][vc_column_text css=\u00a0\u00bb\u00a0\u00bb]Gajdos Martin[\/vc_column_text][vc_column_text css=\u00a0\u00bb\u00a0\u00bb]<a href=\"https:\/\/www.bs.ch\/willkommen-bei-den-gerichten\" target=\"_blank\" rel=\"noopener\">Gerichte Basel-Stadt<\/a>[\/vc_column_text][vc_column_text css=\u00a0\u00bb\u00a0\u00bb]Gemperli Pascal[\/vc_column_text][vc_column_text css=\u00a0\u00bb\u00a0\u00bb]<a href=\"https:\/\/www.glauxgroup.ch\" target=\"_blank\" rel=\"noopener\">GLAUX GROUP AG<\/a>[\/vc_column_text][vc_column_text css=\u00a0\u00bb\u00a0\u00bb]<a href=\"https:\/\/www.glue.ch\/de\/startseite\/\" target=\"_blank\" rel=\"noopener\">Glue AG<\/a>[\/vc_column_text][vc_column_text css=\u00a0\u00bb\u00a0\u00bb]<a href=\"https:\/\/www.gmg.biz\/start\/default.aspx\" target=\"_blank\" rel=\"noopener\">GMG Net GmbH<\/a>[\/vc_column_text][vc_column_text css=\u00a0\u00bb\u00a0\u00bb]<a href=\"https:\/\/gopro.net\/start\/\" target=\"_blank\" rel=\"noopener\">GoPro Consulting Limited<\/a>[\/vc_column_text][vc_column_text css=\u00a0\u00bb\u00a0\u00bb]<a href=\"https:\/\/www.helbing.ch\/de\/home?CSPCHD=009000000000bQPcJ2pkIfMpqUmhuLFG_FqjE32Ng53JDRZ0Aj\" target=\"_blank\" rel=\"noopener\">Helbing Lichtenhahn Verlag<\/a>[\/vc_column_text][vc_column_text css=\u00a0\u00bb\u00a0\u00bb]Horisberger Helga[\/vc_column_text][\/vc_column][vc_column width=\u00a0\u00bb1\/3&Prime;][vc_column_text css=\u00a0\u00bb\u00a0\u00bb]Hussein Sidam[\/vc_column_text][vc_column_text css=\u00a0\u00bb\u00a0\u00bb]Ilg Lorenz[\/vc_column_text][vc_column_text css=\u00a0\u00bb\u00a0\u00bb]<a href=\"https:\/\/www.indato.ch\/#\/\" target=\"_blank\" rel=\"noopener\">indato GmbH<\/a>[\/vc_column_text][vc_column_text css=\u00a0\u00bb\u00a0\u00bb]<a href=\"https:\/\/ius.unibas.ch\/de\/\" target=\"_blank\" rel=\"noopener\">Juristische Fakult\u00e4t der Universit\u00e4t Basel<\/a>[\/vc_column_text][vc_column_text css=\u00a0\u00bb\u00a0\u00bb]<a href=\"https:\/\/www.ag.ch\" target=\"_blank\" rel=\"noopener\">Kanton Aargau<\/a>[\/vc_column_text][vc_column_text css=\u00a0\u00bb\u00a0\u00bb]<a href=\"https:\/\/ar.ch\" target=\"_blank\" rel=\"noopener\">Kanton Appenzell Ausserrhoden<\/a>[\/vc_column_text][vc_column_text css=\u00a0\u00bb\u00a0\u00bb]<a href=\"https:\/\/www.ai.ch\" target=\"_blank\" rel=\"noopener\">Kanton Appenzell Innerrhoden<\/a>[\/vc_column_text][vc_column_text css=\u00a0\u00bb\u00a0\u00bb]<a href=\"https:\/\/www.ejustice.ch\/de\/www.bl.ch.html\" target=\"_blank\" rel=\"noopener\">Kanton Basel Landschaft<\/a>[\/vc_column_text][vc_column_text css=\u00a0\u00bb\u00a0\u00bb]<a href=\"https:\/\/www.bs.ch\" target=\"_blank\" rel=\"noopener\">Kanton Basel-Stadt<\/a>[\/vc_column_text][vc_column_text css=\u00a0\u00bb\u00a0\u00bb]<a href=\"https:\/\/www.be.ch\/de\/start.html\" target=\"_blank\" rel=\"noopener\">Kanton Bern<\/a>[\/vc_column_text][vc_column_text css=\u00a0\u00bb\u00a0\u00bb]<a href=\"https:\/\/www.gl.ch\" target=\"_blank\" rel=\"noopener\">Kanton Glarus<\/a>[\/vc_column_text][vc_column_text css=\u00a0\u00bb\u00a0\u00bb]<a href=\"https:\/\/www.gr.ch\/DE\/Seiten\/welcome.aspx\" target=\"_blank\" rel=\"noopener\">Kanton Graub\u00fcnden<\/a>[\/vc_column_text][vc_column_text css=\u00a0\u00bb\u00a0\u00bb]<a href=\"https:\/\/www.lu.ch\" target=\"_blank\" rel=\"noopener\">Kanton Luzern<\/a>[\/vc_column_text][vc_column_text css=\u00a0\u00bb\u00a0\u00bb]<a href=\"https:\/\/www.nw.ch\" target=\"_blank\" rel=\"noopener\">Kanton Nidwalden<\/a>[\/vc_column_text][vc_column_text css=\u00a0\u00bb\u00a0\u00bb]<a href=\"https:\/\/sh.ch\/CMS\/Webseite\/Kanton-Schaffhausen-1756-DE.html\" target=\"_blank\" rel=\"noopener\">Kanton Schaffhausen<\/a>[\/vc_column_text][vc_column_text css=\u00a0\u00bb\u00a0\u00bb]<a href=\"https:\/\/www.ejustice.ch\/de\/www.so.ch.html\" target=\"_blank\" rel=\"noopener\">Kanton Solothurn, v.d. Gerichtsverwaltung des Kantons Solothurn<\/a>[\/vc_column_text][vc_column_text css=\u00a0\u00bb\u00a0\u00bb]<a href=\"https:\/\/www.sg.ch\" target=\"_blank\" rel=\"noopener\">Kanton St. Gallen<\/a>[\/vc_column_text][vc_column_text css=\u00a0\u00bb\u00a0\u00bb]<a href=\"https:\/\/www.tg.ch\" target=\"_blank\" rel=\"noopener\">Kanton Thurgau<\/a>[\/vc_column_text][vc_column_text css=\u00a0\u00bb\u00a0\u00bb]<a href=\"https:\/\/www4.ti.ch\/tich\/stato-e-organizzazione\" target=\"_blank\" rel=\"noopener\">Kanton Tessin<\/a>[\/vc_column_text][vc_column_text css=\u00a0\u00bb\u00a0\u00bb]<a href=\"https:\/\/zg.ch\/de\" target=\"_blank\" rel=\"noopener\">Kanton Zug, v.d. Obergericht des Kantons Zug<\/a>[\/vc_column_text][vc_column_text css=\u00a0\u00bb\u00a0\u00bb]<a href=\"https:\/\/www.zh.ch\/de.html\" target=\"_blank\" rel=\"noopener\">Kanton Z\u00fcrich, v.d. Obergericht des Kantons Z\u00fcrich<\/a>[\/vc_column_text][vc_column_text css=\u00a0\u00bb\u00a0\u00bb]<a href=\"https:\/\/www.kettiger.ch\" target=\"_blank\" rel=\"noopener\">Kettiger Daniel, Rechtsanwalt<\/a>[\/vc_column_text][vc_column_text css=\u00a0\u00bb\u00a0\u00bb]<a href=\"https:\/\/www.kkjpd.ch\/home.html\" target=\"_blank\" rel=\"noopener\">Konferenz der Kantonalen Justiz- und Polizeidirektoren<\/a>[\/vc_column_text][vc_column_text css=\u00a0\u00bb\u00a0\u00bb]K\u00f6nig Yves[\/vc_column_text][vc_column_text css=\u00a0\u00bb\u00a0\u00bb]K\u00fcffer Rafael[\/vc_column_text][vc_column_text css=\u00a0\u00bb\u00a0\u00bb]<a href=\"https:\/\/logobject.com\" target=\"_blank\" rel=\"noopener\">LogObject AG<\/a>[\/vc_column_text][vc_column_text css=\u00a0\u00bb\u00a0\u00bb]Leckebusch Thomas[\/vc_column_text][vc_column_text css=\u00a0\u00bb\u00a0\u00bb]<a href=\"https:\/\/www.lemma-consulting.ch\" target=\"_blank\" rel=\"noopener\">Lemma Consulting GmbH<\/a>[\/vc_column_text][vc_column_text css=\u00a0\u00bb\u00a0\u00bb]<a href=\"https:\/\/www.lenzstaehelin.com\" target=\"_blank\" rel=\"noopener\">Lenz &amp; Staehelin<\/a>[\/vc_column_text][vc_column_text css=\u00a0\u00bb\u00a0\u00bb]<a href=\"https:\/\/www.leonardo.ag\" target=\"_blank\" rel=\"noopener\">Leonardo Productions AG<\/a>[\/vc_column_text][vc_column_text css=\u00a0\u00bb\u00a0\u00bb]L\u00fcthi Roman[\/vc_column_text][vc_column_text css=\u00a0\u00bb\u00a0\u00bb]Moret Michel[\/vc_column_text][vc_column_text css=\u00a0\u00bb\u00a0\u00bb]Oruci Aurela[\/vc_column_text][\/vc_column][vc_column width=\u00a0\u00bb1\/3&Prime;][vc_column_text css=\u00a0\u00bb\u00a0\u00bb]Piesbergen Jens[\/vc_column_text][vc_column_text css=\u00a0\u00bb\u00a0\u00bb]<a href=\"https:\/\/www.post.ch\/fr\/notre-profil\/portrait\/digital-services\" target=\"_blank\" rel=\"noopener\">Post CH Digital Services AG<\/a>[\/vc_column_text][vc_column_text css=\u00a0\u00bb\u00a0\u00bb]<a href=\"https:\/\/www.privasphere.com\/h\/index.php?id=1&amp;L=3\" target=\"_blank\" rel=\"noopener\">PrivaSphere AG<\/a>[\/vc_column_text][vc_column_text css=\u00a0\u00bb\u00a0\u00bb]Pult Rea[\/vc_column_text][vc_column_text css=\u00a0\u00bb\u00a0\u00bb]<a href=\"https:\/\/www.rechtswissenschaft.unibe.ch\" target=\"_blank\" rel=\"noopener\">Rechtswissenschaftliche Fakult\u00e4t der Universit\u00e4t Bern<\/a>[\/vc_column_text][vc_column_text css=\u00a0\u00bb\u00a0\u00bb]<a href=\"https:\/\/www.ge.ch\" target=\"_blank\" rel=\"noopener\">Republique et Canton de Gen\u00e8ve<\/a>[\/vc_column_text][vc_column_text css=\u00a0\u00bb\u00a0\u00bb]Reichenberg Paula[\/vc_column_text][vc_column_text css=\u00a0\u00bb\u00a0\u00bb]<a href=\"https:\/\/www.octobit.ch\" target=\"_blank\" rel=\"noopener\">Sailer Nora, Octobit GmbH<\/a>[\/vc_column_text][vc_column_text css=\u00a0\u00bb\u00a0\u00bb]<a href=\"http:\/\/www.schmidhaeusler.ch\" target=\"_blank\" rel=\"noopener\">Schmidh\u00e4usler Rechtsanw\u00e4lte AG<\/a>[\/vc_column_text][vc_column_text css=\u00a0\u00bb\u00a0\u00bb]<a href=\"https:\/\/bps-legal.ch\/anwaelteundnotare\/matthias-r-schoenbaechler\/\" target=\"_blank\" rel=\"noopener\">Sch\u00f6nb\u00e4chler Matthias<\/a>[\/vc_column_text][vc_column_text css=\u00a0\u00bb\u00a0\u00bb]<a href=\"https:\/\/www.advo-schreiber.ch\/web\/index2.html\" target=\"_blank\" rel=\"noopener\">Schreiber Claudia, Advokatur Schreiber<\/a>[\/vc_column_text][vc_column_text css=\u00a0\u00bb\u00a0\u00bb]<a href=\"https:\/\/www.schulthess.com\/portal\" target=\"_blank\" rel=\"noopener\">Schulthess Juristische Medien AG<\/a>[\/vc_column_text][vc_column_text css=\u00a0\u00bb\u00a0\u00bb]<a href=\"https:\/\/www.sav-fsa.ch\" target=\"_blank\" rel=\"noopener\">Schweizerischer Anwaltsverband<\/a>[\/vc_column_text][vc_column_text css=\u00a0\u00bb\u00a0\u00bb]<a href=\"https:\/\/www.sbvv.ch\" target=\"_blank\" rel=\"noopener\">Schweizerischer Buchh\u00e4ndler- und Verlegerverband SBVV<\/a>[\/vc_column_text][vc_column_text css=\u00a0\u00bb\u00a0\u00bb]<a href=\"https:\/\/www.juristenverein.ch\" target=\"_blank\" rel=\"noopener\">Schweizerischer Juristenverein<\/a>[\/vc_column_text][vc_column_text css=\u00a0\u00bb\u00a0\u00bb]<a href=\"https:\/\/www.schweizernotare.ch\" target=\"_blank\" rel=\"noopener\">Schweizerischer Notarenverband<\/a>[\/vc_column_text][vc_column_text css=\u00a0\u00bb\u00a0\u00bb]<a href=\"https:\/\/www.six-group.com\/de\/site\/terravis.html\" target=\"_blank\" rel=\"noopener\">SIX Terravis AG<\/a>[\/vc_column_text][vc_column_text css=\u00a0\u00bb\u00a0\u00bb]<a href=\"https:\/\/staempflirecht.ch\" target=\"_blank\" rel=\"noopener\">St\u00e4mpfli Verlag AG<\/a>[\/vc_column_text][vc_column_text css=\u00a0\u00bb\u00a0\u00bb]Stutz Philip[\/vc_column_text][vc_column_text css=\u00a0\u00bb\u00a0\u00bb]<a href=\"https:\/\/www.swisslex.ch\/de\/\" target=\"_blank\" rel=\"noopener\">Swisslex AG<\/a>[\/vc_column_text][vc_column_text css=\u00a0\u00bb\u00a0\u00bb]<a href=\"https:\/\/timesensor.ch\/kanzleisoftware\/\" target=\"_blank\" rel=\"noopener\">timeSensor AG<\/a>[\/vc_column_text][vc_column_text css=\u00a0\u00bb\u00a0\u00bb]<span style=\"font-weight: 400;\"><a href=\"https:\/\/www.bvger.ch\/de\" target=\"_blank\" rel=\"noopener\">Tribunal administratif f\u00e9d\u00e9ral<\/a><\/span><em style=\"font-weight: 400;\"><a href=\"https:\/\/www.bvger.ch\/de\" target=\"_blank\" rel=\"noopener\"><br \/>\n<\/a><\/em>[\/vc_column_text][vc_column_text css=\u00a0\u00bb\u00a0\u00bb]<a href=\"https:\/\/www.bger.ch\/de\/index.htm\" target=\"_blank\" rel=\"noopener\"><span style=\"font-weight: 400;\">Tribunal f\u00e9d\u00e9ral suisse<\/span><\/a>[\/vc_column_text][vc_column_text css=\u00a0\u00bb\u00a0\u00bb]<a href=\"https:\/\/www.bstger.ch\" target=\"_blank\" rel=\"noopener\"><span style=\"font-weight: 400;\">Tribunal p\u00e9nal f\u00e9d\u00e9ral<\/span><\/a>[\/vc_column_text][vc_column_text css=\u00a0\u00bb\u00a0\u00bb]<a href=\"https:\/\/www.glauxgroup.ch\/justiz\/gina\" target=\"_blank\" rel=\"noopener\">Ultrasoft AG<\/a>[\/vc_column_text][vc_column_text css=\u00a0\u00bb\u00a0\u00bb]<a href=\"https:\/\/www.unifr.ch\/home\/de\/\" target=\"_blank\" rel=\"noopener\">Universit\u00e4t Freiburg<\/a>[\/vc_column_text][vc_column_text css=\u00a0\u00bb\u00a0\u00bb]<a href=\"https:\/\/www.unige.ch\" target=\"_blank\" rel=\"noopener\">Universit\u00e9 de Gen\u00e8ve<\/a>[\/vc_column_text][vc_column_text css=\u00a0\u00bb\u00a0\u00bb]<a href=\"https:\/\/lawlibraries.ch\/?lang=de\" target=\"_blank\" rel=\"noopener\">Vereinigung Juristischer Bibliotheken der Schweiz VJBS<\/a>[\/vc_column_text][vc_column_text css=\u00a0\u00bb\u00a0\u00bb]<a href=\"https:\/\/www.weblaw.ch\" target=\"_blank\" rel=\"noopener\">Weblaw AG<\/a>[\/vc_column_text][vc_column_text css=\u00a0\u00bb\u00a0\u00bb]<a href=\"https:\/\/www.xplain.ch\/\" target=\"_blank\" rel=\"noopener\">Xplain AG<\/a>[\/vc_column_text][vc_column_text css=\u00a0\u00bb\u00a0\u00bb]<a href=\"http:\/\/sml.zhaw.ch\/de.html\" target=\"_blank\" rel=\"noopener\">ZHAW School of Management and Law<\/a>[\/vc_column_text][vc_column_text css=\u00a0\u00bb\u00a0\u00bb]<a href=\"https:\/\/zweiacker.com\" target=\"_blank\" rel=\"noopener\">Zweiacker Marc<\/a>[\/vc_column_text][\/vc_column][\/vc_row]<\/p>\n<\/div>","protected":false},"excerpt":{"rendered":"<p>[vc_row css_animation=\u00a0\u00bb\u00a0\u00bb row_type=\u00a0\u00bbrow\u00a0\u00bb use_row_as_full_screen_section=\u00a0\u00bbno\u00a0\u00bb type=\u00a0\u00bbgrid\u00a0\u00bb angled_section=\u00a0\u00bbno\u00a0\u00bb text_align=\u00a0\u00bbleft\u00a0\u00bb background_image_as_pattern=\u00a0\u00bbwithout_pattern\u00a0\u00bb css=\u00a0\u00bb.vc_custom_1729163262383{padding-top: 126px !important;background-color: #ffffff !important;}\u00a0\u00bb z_index=\u00a0\u00bb\u00a0\u00bb padding_top=\u00a0\u00bb55&Prime;][vc_column][vc_column_text css=\u00a0\u00bb\u00a0\u00bb]Au sein de l\u2019association eJustice.ch, les autorit\u00e9s publiques charg\u00e9es de la publication du droit et les autorit\u00e9s judiciaires cantonales se r\u00e9unissent avec les autorit\u00e9s f\u00e9d\u00e9rales, des associations, des utilisateurs du&#8230;<\/p>\n","protected":false},"author":1,"featured_media":0,"parent":0,"menu_order":0,"comment_status":"closed","ping_status":"closed","template":"full_width.php","meta":{"footnotes":""},"class_list":["post-1314","page","type-page","status-publish","hentry"],"yoast_head":"<!-- This site is optimized with the Yoast SEO plugin v27.2 - https:\/\/yoast.com\/product\/yoast-seo-wordpress\/ -->\n<title>Membres - eJustice.ch<\/title>\n<meta name=\"description\" content=\"Membres de l&#039;Association eJustice.ch \u2013 La plateforme pour promouvoir l&#039;informatique dans l&#039;administration de la justice.\" \/>\n<meta name=\"robots\" content=\"index, follow, max-snippet:-1, max-image-preview:large, max-video-preview:-1\" \/>\n<link rel=\"canonical\" href=\"https:\/\/ejustice.ch\/fr\/membres\/\" \/>\n<meta property=\"og:locale\" content=\"fr_FR\" \/>\n<meta property=\"og:type\" content=\"article\" \/>\n<meta property=\"og:title\" content=\"Membres - eJustice.ch\" \/>\n<meta property=\"og:description\" content=\"Membres de l&#039;Association eJustice.ch \u2013 La plateforme pour promouvoir l&#039;informatique dans l&#039;administration de la justice.\" \/>\n<meta property=\"og:url\" content=\"https:\/\/ejustice.ch\/fr\/membres\/\" \/>\n<meta property=\"og:site_name\" content=\"eJustice.ch\" \/>\n<meta property=\"article:modified_time\" content=\"2026-04-14T06:09:41+00:00\" \/>\n<meta name=\"twitter:card\" content=\"summary_large_image\" \/>\n<meta name=\"twitter:label1\" content=\"Dur\u00e9e de lecture estim\u00e9e\" \/>\n\t<meta name=\"twitter:data1\" content=\"4 minutes\" \/>\n<script type=\"application\/ld+json\" class=\"yoast-schema-graph\">{\"@context\":\"https:\/\/schema.org\",\"@graph\":[{\"@type\":\"WebPage\",\"@id\":\"https:\/\/ejustice.ch\/fr\/membres\/\",\"url\":\"https:\/\/ejustice.ch\/fr\/membres\/\",\"name\":\"Membres - eJustice.ch\",\"isPartOf\":{\"@id\":\"https:\/\/ejustice.ch\/fr\/#website\"},\"datePublished\":\"2024-10-17T10:52:54+00:00\",\"dateModified\":\"2026-04-14T06:09:41+00:00\",\"description\":\"Membres de l'Association eJustice.ch \u2013 La plateforme pour promouvoir l'informatique dans l'administration de la justice.\",\"breadcrumb\":{\"@id\":\"https:\/\/ejustice.ch\/fr\/membres\/#breadcrumb\"},\"inLanguage\":\"fr-FR\",\"potentialAction\":[{\"@type\":\"ReadAction\",\"target\":[\"https:\/\/ejustice.ch\/fr\/membres\/\"]}]},{\"@type\":\"BreadcrumbList\",\"@id\":\"https:\/\/ejustice.ch\/fr\/membres\/#breadcrumb\",\"itemListElement\":[{\"@type\":\"ListItem\",\"position\":1,\"name\":\"Startseite\",\"item\":\"https:\/\/ejustice.ch\/fr\/\"},{\"@type\":\"ListItem\",\"position\":2,\"name\":\"Membres\"}]},{\"@type\":\"WebSite\",\"@id\":\"https:\/\/ejustice.ch\/fr\/#website\",\"url\":\"https:\/\/ejustice.ch\/fr\/\",\"name\":\"eJustice.ch\",\"description\":\"Verein zur F\u00f6rderung von Informationstechnologie in der Rechtspflege.\",\"publisher\":{\"@id\":\"https:\/\/ejustice.ch\/fr\/#organization\"},\"potentialAction\":[{\"@type\":\"SearchAction\",\"target\":{\"@type\":\"EntryPoint\",\"urlTemplate\":\"https:\/\/ejustice.ch\/fr\/?s={search_term_string}\"},\"query-input\":{\"@type\":\"PropertyValueSpecification\",\"valueRequired\":true,\"valueName\":\"search_term_string\"}}],\"inLanguage\":\"fr-FR\"},{\"@type\":\"Organization\",\"@id\":\"https:\/\/ejustice.ch\/fr\/#organization\",\"name\":\"eJustice.ch\",\"url\":\"https:\/\/ejustice.ch\/fr\/\",\"logo\":{\"@type\":\"ImageObject\",\"inLanguage\":\"fr-FR\",\"@id\":\"https:\/\/ejustice.ch\/fr\/#\/schema\/logo\/image\/\",\"url\":\"https:\/\/ejustice.ch\/wp-content\/uploads\/2024\/07\/eJustice_Logo_Original_Web.png\",\"contentUrl\":\"https:\/\/ejustice.ch\/wp-content\/uploads\/2024\/07\/eJustice_Logo_Original_Web.png\",\"width\":637,\"height\":96,\"caption\":\"eJustice.ch\"},\"image\":{\"@id\":\"https:\/\/ejustice.ch\/fr\/#\/schema\/logo\/image\/\"}}]}<\/script>\n<!-- \/ Yoast SEO plugin. -->","yoast_head_json":{"title":"Membres - eJustice.ch","description":"Membres de l'Association eJustice.ch \u2013 La plateforme pour promouvoir l'informatique dans l'administration de la justice.","robots":{"index":"index","follow":"follow","max-snippet":"max-snippet:-1","max-image-preview":"max-image-preview:large","max-video-preview":"max-video-preview:-1"},"canonical":"https:\/\/ejustice.ch\/fr\/membres\/","og_locale":"fr_FR","og_type":"article","og_title":"Membres - eJustice.ch","og_description":"Membres de l'Association eJustice.ch \u2013 La plateforme pour promouvoir l'informatique dans l'administration de la justice.","og_url":"https:\/\/ejustice.ch\/fr\/membres\/","og_site_name":"eJustice.ch","article_modified_time":"2026-04-14T06:09:41+00:00","twitter_card":"summary_large_image","twitter_misc":{"Dur\u00e9e de lecture estim\u00e9e":"4 minutes"},"schema":{"@context":"https:\/\/schema.org","@graph":[{"@type":"WebPage","@id":"https:\/\/ejustice.ch\/fr\/membres\/","url":"https:\/\/ejustice.ch\/fr\/membres\/","name":"Membres - eJustice.ch","isPartOf":{"@id":"https:\/\/ejustice.ch\/fr\/#website"},"datePublished":"2024-10-17T10:52:54+00:00","dateModified":"2026-04-14T06:09:41+00:00","description":"Membres de l'Association eJustice.ch \u2013 La plateforme pour promouvoir l'informatique dans l'administration de la justice.","breadcrumb":{"@id":"https:\/\/ejustice.ch\/fr\/membres\/#breadcrumb"},"inLanguage":"fr-FR","potentialAction":[{"@type":"ReadAction","target":["https:\/\/ejustice.ch\/fr\/membres\/"]}]},{"@type":"BreadcrumbList","@id":"https:\/\/ejustice.ch\/fr\/membres\/#breadcrumb","itemListElement":[{"@type":"ListItem","position":1,"name":"Startseite","item":"https:\/\/ejustice.ch\/fr\/"},{"@type":"ListItem","position":2,"name":"Membres"}]},{"@type":"WebSite","@id":"https:\/\/ejustice.ch\/fr\/#website","url":"https:\/\/ejustice.ch\/fr\/","name":"eJustice.ch","description":"Verein zur F\u00f6rderung von Informationstechnologie in der Rechtspflege.","publisher":{"@id":"https:\/\/ejustice.ch\/fr\/#organization"},"potentialAction":[{"@type":"SearchAction","target":{"@type":"EntryPoint","urlTemplate":"https:\/\/ejustice.ch\/fr\/?s={search_term_string}"},"query-input":{"@type":"PropertyValueSpecification","valueRequired":true,"valueName":"search_term_string"}}],"inLanguage":"fr-FR"},{"@type":"Organization","@id":"https:\/\/ejustice.ch\/fr\/#organization","name":"eJustice.ch","url":"https:\/\/ejustice.ch\/fr\/","logo":{"@type":"ImageObject","inLanguage":"fr-FR","@id":"https:\/\/ejustice.ch\/fr\/#\/schema\/logo\/image\/","url":"https:\/\/ejustice.ch\/wp-content\/uploads\/2024\/07\/eJustice_Logo_Original_Web.png","contentUrl":"https:\/\/ejustice.ch\/wp-content\/uploads\/2024\/07\/eJustice_Logo_Original_Web.png","width":637,"height":96,"caption":"eJustice.ch"},"image":{"@id":"https:\/\/ejustice.ch\/fr\/#\/schema\/logo\/image\/"}}]}},"_links":{"self":[{"href":"https:\/\/ejustice.ch\/fr\/wp-json\/wp\/v2\/pages\/1314","targetHints":{"allow":["GET"]}}],"collection":[{"href":"https:\/\/ejustice.ch\/fr\/wp-json\/wp\/v2\/pages"}],"about":[{"href":"https:\/\/ejustice.ch\/fr\/wp-json\/wp\/v2\/types\/page"}],"author":[{"embeddable":true,"href":"https:\/\/ejustice.ch\/fr\/wp-json\/wp\/v2\/users\/1"}],"replies":[{"embeddable":true,"href":"https:\/\/ejustice.ch\/fr\/wp-json\/wp\/v2\/comments?post=1314"}],"version-history":[{"count":31,"href":"https:\/\/ejustice.ch\/fr\/wp-json\/wp\/v2\/pages\/1314\/revisions"}],"predecessor-version":[{"id":3501,"href":"https:\/\/ejustice.ch\/fr\/wp-json\/wp\/v2\/pages\/1314\/revisions\/3501"}],"wp:attachment":[{"href":"https:\/\/ejustice.ch\/fr\/wp-json\/wp\/v2\/media?parent=1314"}],"curies":[{"name":"wp","href":"https:\/\/api.w.org\/{rel}","templated":true}]}}