{"id":1317,"date":"2024-10-15T10:02:59","date_gmt":"2024-10-15T10:02:59","guid":{"rendered":"https:\/\/2024.ejustice.ch\/2024\/?page_id=1317"},"modified":"2026-01-22T15:03:41","modified_gmt":"2026-01-22T15:03:41","slug":"adhesion","status":"publish","type":"page","link":"https:\/\/ejustice.ch\/fr\/adhesion\/","title":{"rendered":"Adh\u00e9sion"},"content":{"rendered":"<div class=\"wpb-content-wrapper\"><p>[vc_row css_animation=\u00a0\u00bb\u00a0\u00bb row_type=\u00a0\u00bbrow\u00a0\u00bb use_row_as_full_screen_section=\u00a0\u00bbno\u00a0\u00bb type=\u00a0\u00bbgrid\u00a0\u00bb angled_section=\u00a0\u00bbno\u00a0\u00bb text_align=\u00a0\u00bbleft\u00a0\u00bb background_image_as_pattern=\u00a0\u00bbwithout_pattern\u00a0\u00bb css=\u00a0\u00bb.vc_custom_1725360579563{padding-top: 126px !important;padding-bottom: 126px !important;background-color: #ffffff !important;}\u00a0\u00bb z_index=\u00a0\u00bb\u00a0\u00bb padding_top=\u00a0\u00bb55&Prime;][vc_column][vc_column_text css=\u00a0\u00bb\u00a0\u00bb]L\u2019association eJustice.ch permet la rencontre des autorit\u00e9s charg\u00e9es de la publication du droit et des autorit\u00e9s judiciaires des cantons avec les autorit\u00e9s f\u00e9d\u00e9rales, les associations, les utilisateurs du droit, les principaux prestataires de services, ainsi que les particuliers int\u00e9ress\u00e9s, afin de discuter et de promouvoir l\u2019utilisation des technologies de l\u2019information dans l\u2019administration de la justice. Il s\u2019agit d\u2019une plateforme unique en son genre. Les membres peuvent \u00eatre des personnes physiques et des organisations priv\u00e9es ou publiques.[\/vc_column_text][vc_empty_space height=\u00a0\u00bb31px\u00a0\u00bb][vc_column_text css=\u00a0\u00bb\u00a0\u00bb]<\/p>\n<h5><span lang=\"FR-CH\">L\u2019association eJustice.ch compte actuellement 91 membres<\/span>:<\/h5>\n<p>[\/vc_column_text][vc_empty_space height=\u00a0\u00bb17px\u00a0\u00bb][vc_column_text css=\u00a0\u00bb\u00a0\u00bb]<\/p>\n<ul>\n<li>Conf\u00e9d\u00e9ration<\/li>\n<li>22 cantons\n<ul>\n<li>repr\u00e9sent\u00e9s par leur administration : BE, NW, GL, BS, SH, AI, AR, SG, GR, AG et TG<\/li>\n<li>repr\u00e9sent\u00e9s par leur organisation judiciaire : ZH, LU, ZG, FR, SO, BS, BL, TI, VD, VS, NE et GE<\/li>\n<\/ul>\n<\/li>\n<li>Conf\u00e9rence des directrices et directeurs des d\u00e9partements cantonaux de justice et police (CCDJP)<\/li>\n<li>Tribunal f\u00e9d\u00e9ral, Tribunal p\u00e9nal f\u00e9d\u00e9ral, Tribunal administratif f\u00e9d\u00e9ral<\/li>\n<li>Principaut\u00e9 du Liechtenstein<\/li>\n<li>Associations (associations d\u2019avocats, de notaires, d\u2019\u00e9diteurs, association des juristes)<\/li>\n<li>Milieux acad\u00e9miques (universit\u00e9s et hautes \u00e9coles sp\u00e9cialis\u00e9es)<\/li>\n<li>Entreprises de services dans le domaine de la publication \u00e9lectronique et du commerce \u00e9lectronique<\/li>\n<li>Membres individuels<\/li>\n<\/ul>\n<p>[\/vc_column_text][vc_empty_space height=\u00a0\u00bb17px\u00a0\u00bb][vc_column_text css=\u00a0\u00bb\u00a0\u00bb]<\/p>\n<p style=\"font-weight: 400;\">La valeur immat\u00e9rielle de l\u2019adh\u00e9sion inclut de pr\u00e9cieuses opportunit\u00e9s de r\u00e9seautage avec des experts et des d\u00e9cideurs dans les domaines du droit et de la technologie, en particulier en ce qui concerne le recours aux technologies de l\u2019information dans l\u2019administration de la justice. En adh\u00e9rant, vous avez acc\u00e8s \u00e0 un savoir et \u00e0 des formations continues utiles pour votre d\u00e9veloppement professionnel, et \u00e0 une plateforme d\u2019\u00e9changes sur des sujets alliant droit, innovation et technologie.<\/p>\n<p>[\/vc_column_text][vc_empty_space height=\u00a0\u00bb17px\u00a0\u00bb][vc_column_text css=\u00a0\u00bb\u00a0\u00bb]<\/p>\n<p style=\"font-weight: 400;\">La valeur mat\u00e9rielle de l\u2019adh\u00e9sion comprend l\u2019acc\u00e8s \u00e0 des offres et \u00e0 des ressources exclusives, des rabais int\u00e9ressants sur les \u00e9v\u00e9nements de l\u2019association, ainsi que des prestations de service sur mandat de l\u2019Administration num\u00e9rique suisse.<\/p>\n<p>[\/vc_column_text][vc_empty_space height=\u00a0\u00bb17px\u00a0\u00bb][vc_column_text css=\u00a0\u00bb\u00a0\u00bb]<\/p>\n<p style=\"font-weight: 400;\"><strong>Vous trouverez une liste des membres actuels <a href=\"\/2024?page_id=1314\" target=\"_blank\" rel=\"noopener\">ici<\/a>.<\/strong><\/p>\n<p>[\/vc_column_text][vc_empty_space height=\u00a0\u00bb17px\u00a0\u00bb][\/vc_column][\/vc_row][vc_row css_animation=\u00a0\u00bb\u00a0\u00bb row_type=\u00a0\u00bbrow\u00a0\u00bb use_row_as_full_screen_section=\u00a0\u00bbno\u00a0\u00bb type=\u00a0\u00bbgrid\u00a0\u00bb angled_section=\u00a0\u00bbno\u00a0\u00bb text_align=\u00a0\u00bbleft\u00a0\u00bb background_image_as_pattern=\u00a0\u00bbwithout_pattern\u00a0\u00bb z_index=\u00a0\u00bb\u00a0\u00bb padding_top=\u00a0\u00bb75&Prime; padding_bottom=\u00a0\u00bb16&Prime; css=\u00a0\u00bb.vc_custom_1729162507530{padding-top: 126px !important;padding-bottom: 56px !important;background-color: #f9f9f9 !important;}\u00a0\u00bb][vc_column width=\u00a0\u00bb1\/2&Prime;][vc_column_text css=\u00a0\u00bb\u00a0\u00bb]<\/p>\n<h3 id=\"tw-target-text\" class=\"tw-data-text tw-text-large tw-ta\" dir=\"ltr\" data-placeholder=\"\u00dcbersetzung\" data-ved=\"2ahUKEwjX94a4u7iJAxVu_rsIHc6vDqkQ3ewLegQIBxAU\" aria-label=\"\u00dcbersetzter Text: devenir membre\"><span class=\"Y2IQFc\" lang=\"fr\">Devenir membre<\/span><\/h3>\n<p>[\/vc_column_text][vc_empty_space height=\u00a0\u00bb31px\u00a0\u00bb][vc_column_text css=\u00a0\u00bb\u00a0\u00bb]<\/p>\n<h5>3 bonnes raisons de devenir membre de l\u2019association eJustice.ch<\/h5>\n<p>[\/vc_column_text][vc_empty_space height=\u00a0\u00bb17px\u00a0\u00bb][vc_column_text css=\u00a0\u00bb\u00a0\u00bb]<\/p>\n<ul>\n<li>Vous restez en contact avec les principaux d\u00e9cideurs et fournisseurs de services en mati\u00e8re de technologies de l\u2019information dans l\u2019administration de la justice.<\/li>\n<li>Vous suivez l\u2019\u00e9volution technologique concernant la communication \u00e9lectronique dans le domaine judiciaire.<\/li>\n<li>Vous b\u00e9n\u00e9ficiez de services gratuits et de rabais sur nos prestations et \u00e9v\u00e9nements.<\/li>\n<\/ul>\n<p>[\/vc_column_text][vc_empty_space height=\u00a0\u00bb31px\u00a0\u00bb][\/vc_column][vc_column width=\u00a0\u00bb1\/2&Prime;][vc_column_text css=\u00a0\u00bb\u00a0\u00bb]<\/p>\n<h3 id=\"tw-target-text\" class=\"tw-data-text tw-text-large tw-ta\" dir=\"ltr\" data-placeholder=\"\u00dcbersetzung\" data-ved=\"2ahUKEwjX94a4u7iJAxVu_rsIHc6vDqkQ3ewLegQIBxAU\" aria-label=\"\u00dcbersetzter Text: Formulaire d'inscription\/demande d'inscription\"><span class=\"Y2IQFc\" lang=\"fr\">Formulaire d&rsquo;inscription \/ Demande d&rsquo;inscription<\/span><\/h3>\n<p>[\/vc_column_text][vc_empty_space height=\u00a0\u00bb31px\u00a0\u00bb][vc_column_text css=\u00a0\u00bb\u00a0\u00bb]<\/p>\n<p style=\"font-weight: 400;\">Oui, je souhaite devenir membre de l\u2019association et du r\u00e9seau eJustice.ch avec les principaux acteurs de la num\u00e9risation dans le secteur judiciaire.<\/p>\n<p>[\/vc_column_text][vc_column_text css=\u00a0\u00bb\u00a0\u00bb]<\/p>\n<p style=\"font-weight: 400;\"><strong>Remarque<\/strong> : les informations que vous nous fournissez sont trait\u00e9es pour donner suite \u00e0 votre demande, pour r\u00e9pondre \u00e0 des questions compl\u00e9mentaires, et \u00e0 des fins de marketing. Vous trouverez ici de plus amples informations sur le traitement de vos <a href=\"\/2024?page_id=1355\">donn\u00e9es personnelles et sur vos droits<\/a>.<\/p>\n<p>[\/vc_column_text][vc_empty_space height=\u00a0\u00bb17px\u00a0\u00bb]\n<div class=\"wpcf7 no-js\" id=\"wpcf7-f3339-o1\" lang=\"de-DE\" dir=\"ltr\" data-wpcf7-id=\"3339\">\n<div class=\"screen-reader-response\"><p role=\"status\" aria-live=\"polite\" aria-atomic=\"true\"><\/p> <ul><\/ul><\/div>\n<form action=\"\/fr\/wp-json\/wp\/v2\/pages\/1317#wpcf7-f3339-o1\" method=\"post\" class=\"wpcf7-form init cf7_custom_style_1 wpcf7-acceptance-as-validation\" aria-label=\"Kontaktformular\" novalidate=\"novalidate\" data-status=\"init\">\n<fieldset class=\"hidden-fields-container\"><input type=\"hidden\" name=\"_wpcf7\" value=\"3339\" \/><input type=\"hidden\" name=\"_wpcf7_version\" value=\"6.1.5\" \/><input type=\"hidden\" name=\"_wpcf7_locale\" value=\"de_DE\" \/><input type=\"hidden\" name=\"_wpcf7_unit_tag\" value=\"wpcf7-f3339-o1\" \/><input type=\"hidden\" name=\"_wpcf7_container_post\" value=\"0\" \/><input type=\"hidden\" name=\"_wpcf7_posted_data_hash\" value=\"\" \/>\n<\/fieldset>\n<p><span class=\"wpcf7-form-control-wrap\" data-name=\"radio-anrede\"><span class=\"wpcf7-form-control wpcf7-radio\"><span class=\"wpcf7-list-item first\"><label><input type=\"radio\" name=\"radio-anrede\" value=\"Madame\" \/><span class=\"wpcf7-list-item-label\">Madame<\/span><\/label><\/span><span class=\"wpcf7-list-item\"><label><input type=\"radio\" name=\"radio-anrede\" value=\"Monsieur\" \/><span class=\"wpcf7-list-item-label\">Monsieur<\/span><\/label><\/span><span class=\"wpcf7-list-item last\"><label><input type=\"radio\" name=\"radio-anrede\" value=\"Divers\" \/><span class=\"wpcf7-list-item-label\">Divers<\/span><\/label><\/span><\/span><\/span>\n<\/p>\n<p><span class=\"wpcf7-form-control-wrap\" data-name=\"vorname\"><input size=\"40\" maxlength=\"400\" class=\"wpcf7-form-control wpcf7-text wpcf7-validates-as-required\" aria-required=\"true\" aria-invalid=\"false\" placeholder=\"Pr\u00e9nom*\" value=\"\" type=\"text\" name=\"vorname\" \/><\/span>\n<\/p>\n<p><span class=\"wpcf7-form-control-wrap\" data-name=\"nachname\"><input size=\"40\" maxlength=\"400\" class=\"wpcf7-form-control wpcf7-text wpcf7-validates-as-required\" aria-required=\"true\" aria-invalid=\"false\" placeholder=\"Nom*\" value=\"\" type=\"text\" name=\"nachname\" \/><\/span>\n<\/p>\n<p><span class=\"wpcf7-form-control-wrap\" data-name=\"firma\"><input size=\"40\" maxlength=\"400\" class=\"wpcf7-form-control wpcf7-text\" aria-invalid=\"false\" placeholder=\"Entreprise \/ Compl\u00e9ment\" value=\"\" type=\"text\" name=\"firma\" \/><\/span>\n<\/p>\n<p><span class=\"wpcf7-form-control-wrap\" data-name=\"funktion\"><input size=\"40\" maxlength=\"400\" class=\"wpcf7-form-control wpcf7-text\" aria-invalid=\"false\" placeholder=\"Fonction\" value=\"\" type=\"text\" name=\"funktion\" \/><\/span>\n<\/p>\n<p><span class=\"wpcf7-form-control-wrap\" data-name=\"anzahl_mitarbeiter\"><input size=\"40\" maxlength=\"400\" class=\"wpcf7-form-control wpcf7-text\" aria-invalid=\"false\" placeholder=\"Pour les entreprises : nombre de collaborateurs\" value=\"\" type=\"text\" name=\"anzahl_mitarbeiter\" \/><\/span>\n<\/p>\n<p><span class=\"wpcf7-form-control-wrap\" data-name=\"adresse\"><input size=\"40\" maxlength=\"400\" class=\"wpcf7-form-control wpcf7-text wpcf7-validates-as-required\" aria-required=\"true\" aria-invalid=\"false\" placeholder=\"Adresse*\" value=\"\" type=\"text\" name=\"adresse\" \/><\/span>\n<\/p>\n<p><span class=\"wpcf7-form-control-wrap\" data-name=\"plz\"><input size=\"40\" maxlength=\"400\" class=\"wpcf7-form-control wpcf7-text wpcf7-validates-as-required\" aria-required=\"true\" aria-invalid=\"false\" placeholder=\"Code postal*\" value=\"\" type=\"text\" name=\"plz\" \/><\/span>\n<\/p>\n<p><span class=\"wpcf7-form-control-wrap\" data-name=\"ort\"><input size=\"40\" maxlength=\"400\" class=\"wpcf7-form-control wpcf7-text wpcf7-validates-as-required\" aria-required=\"true\" aria-invalid=\"false\" placeholder=\"Ville*\" value=\"\" type=\"text\" name=\"ort\" \/><\/span>\n<\/p>\n<p><span class=\"wpcf7-form-control-wrap\" data-name=\"email\"><input size=\"40\" maxlength=\"400\" class=\"wpcf7-form-control wpcf7-email wpcf7-validates-as-required wpcf7-text wpcf7-validates-as-email\" aria-required=\"true\" aria-invalid=\"false\" placeholder=\"Adresse e-mail*\" value=\"\" type=\"email\" name=\"email\" \/><\/span>\n<\/p>\n<p><span class=\"wpcf7-form-control-wrap\" data-name=\"tel\"><input size=\"40\" maxlength=\"400\" class=\"wpcf7-form-control wpcf7-tel wpcf7-validates-as-required wpcf7-text wpcf7-validates-as-tel\" aria-required=\"true\" aria-invalid=\"false\" placeholder=\"Mobile*\" value=\"\" type=\"tel\" name=\"tel\" \/><\/span>\n<\/p>\n<p><span class=\"wpcf7-form-control-wrap\" data-name=\"gruende\"><textarea cols=\"40\" rows=\"10\" maxlength=\"2000\" class=\"wpcf7-form-control wpcf7-textarea\" aria-invalid=\"false\" placeholder=\"Veuillez expliquer ce qui vous motive \u00e0 adh\u00e9rer \u00e0 l\u2019association eJustice.ch.*\" name=\"gruende\"><\/textarea><\/span>\n<\/p>\n<p style=\"height:15px;\">\n<\/p>\n<p><span class=\"wpcf7-form-control-wrap\" data-name=\"bemerkungen\"><textarea cols=\"40\" rows=\"10\" maxlength=\"2000\" class=\"wpcf7-form-control wpcf7-textarea\" aria-invalid=\"false\" placeholder=\"Commentaire\" name=\"bemerkungen\"><\/textarea><\/span>\n<\/p>\n<p style=\"height:15px;\">\n<\/p>\n<p>En envoyant cette demande d\u2019adh\u00e9sion, je m\u2019engage \u00e0 payer la cotisation annuelle conform\u00e9ment \u00e0 l\u2019art. 21, al. 1, des <a href=\"https:\/\/ejustice.ch\/fr\/statuts-du-28-mars-2011\/\" >statuts<\/a>.\n<\/p>\n<p><span class=\"wpcf7-form-control-wrap\" data-name=\"dsgvo\"><span class=\"wpcf7-form-control wpcf7-acceptance\"><span class=\"wpcf7-list-item\"><label><input type=\"checkbox\" name=\"dsgvo\" value=\"1\" aria-invalid=\"false\" \/><span class=\"wpcf7-list-item-label\">J\u2019accepte la <a href=\"https:\/\/ejustice.ch\/fr\/protection-des-donnees\/\">politique de confidentialit\u00e9.<\/a><\/span><\/label><\/span><\/span><\/span>\n<\/p>\n<p><span id=\"wpcf7-69e315609042b-wrapper\" class=\"wpcf7-form-control-wrap e-mail-wrap\" style=\"display:none !important; visibility:hidden !important;\"><label for=\"wpcf7-69e315609042b-field\" class=\"hp-message\">Bitte lasse dieses Feld leer.<\/label><input id=\"wpcf7-69e315609042b-field\"  class=\"wpcf7-form-control wpcf7-text\" type=\"text\" name=\"e-mail\" value=\"\" size=\"40\" tabindex=\"-1\" autocomplete=\"new-password\" \/><\/span><br \/>\nVeuillez v\u00e9rifier vos informations. Des donn\u00e9es erron\u00e9es ou interverties peuvent entra\u00eener des retards dans le traitement de votre demande.\n<\/p>\n<p><input class=\"wpcf7-form-control wpcf7-submit has-spinner\" type=\"submit\" value=\"Envoyer\" \/>\n<\/p><div class=\"wpcf7-response-output\" aria-hidden=\"true\"><\/div>\n<\/form>\n<\/div>\n[vc_empty_space height=\u00a0\u00bb31px\u00a0\u00bb][\/vc_column][\/vc_row]<\/p>\n<\/div>","protected":false},"excerpt":{"rendered":"<p>[vc_row css_animation=\u00a0\u00bb\u00a0\u00bb row_type=\u00a0\u00bbrow\u00a0\u00bb use_row_as_full_screen_section=\u00a0\u00bbno\u00a0\u00bb type=\u00a0\u00bbgrid\u00a0\u00bb angled_section=\u00a0\u00bbno\u00a0\u00bb text_align=\u00a0\u00bbleft\u00a0\u00bb background_image_as_pattern=\u00a0\u00bbwithout_pattern\u00a0\u00bb css=\u00a0\u00bb.vc_custom_1725360579563{padding-top: 126px !important;padding-bottom: 126px !important;background-color: #ffffff !important;}\u00a0\u00bb z_index=\u00a0\u00bb\u00a0\u00bb padding_top=\u00a0\u00bb55&Prime;][vc_column][vc_column_text css=\u00a0\u00bb\u00a0\u00bb]L\u2019association eJustice.ch permet la rencontre des autorit\u00e9s charg\u00e9es de la publication du droit et des autorit\u00e9s judiciaires des cantons avec les autorit\u00e9s f\u00e9d\u00e9rales, les associations, les utilisateurs du&#8230;<\/p>\n","protected":false},"author":1,"featured_media":0,"parent":0,"menu_order":0,"comment_status":"closed","ping_status":"closed","template":"full_width.php","meta":{"footnotes":""},"class_list":["post-1317","page","type-page","status-publish","hentry"],"yoast_head":"<!-- This site is optimized with the Yoast SEO plugin v27.2 - https:\/\/yoast.com\/product\/yoast-seo-wordpress\/ -->\n<title>Adh\u00e9sion - eJustice.ch<\/title>\n<meta name=\"description\" content=\"eJustice.ch r\u00e9unit autorit\u00e9s et utilisateurs du droit pour promouvoir les technologies dans la justice. Une plateforme unique pour tous.\" \/>\n<meta name=\"robots\" content=\"index, follow, max-snippet:-1, max-image-preview:large, max-video-preview:-1\" \/>\n<link rel=\"canonical\" href=\"https:\/\/ejustice.ch\/fr\/adhesion\/\" \/>\n<meta property=\"og:locale\" content=\"fr_FR\" \/>\n<meta property=\"og:type\" content=\"article\" \/>\n<meta property=\"og:title\" content=\"Adh\u00e9sion - eJustice.ch\" \/>\n<meta property=\"og:description\" content=\"eJustice.ch r\u00e9unit autorit\u00e9s et utilisateurs du droit pour promouvoir les technologies dans la justice. Une plateforme unique pour tous.\" \/>\n<meta property=\"og:url\" content=\"https:\/\/ejustice.ch\/fr\/adhesion\/\" \/>\n<meta property=\"og:site_name\" content=\"eJustice.ch\" \/>\n<meta property=\"article:modified_time\" content=\"2026-01-22T15:03:41+00:00\" \/>\n<meta name=\"twitter:card\" content=\"summary_large_image\" \/>\n<meta name=\"twitter:label1\" content=\"Dur\u00e9e de lecture estim\u00e9e\" \/>\n\t<meta name=\"twitter:data1\" content=\"3 minutes\" \/>\n<script type=\"application\/ld+json\" class=\"yoast-schema-graph\">{\"@context\":\"https:\/\/schema.org\",\"@graph\":[{\"@type\":\"WebPage\",\"@id\":\"https:\/\/ejustice.ch\/fr\/adhesion\/\",\"url\":\"https:\/\/ejustice.ch\/fr\/adhesion\/\",\"name\":\"Adh\u00e9sion - eJustice.ch\",\"isPartOf\":{\"@id\":\"https:\/\/ejustice.ch\/fr\/#website\"},\"datePublished\":\"2024-10-15T10:02:59+00:00\",\"dateModified\":\"2026-01-22T15:03:41+00:00\",\"description\":\"eJustice.ch r\u00e9unit autorit\u00e9s et utilisateurs du droit pour promouvoir les technologies dans la justice. Une plateforme unique pour tous.\",\"breadcrumb\":{\"@id\":\"https:\/\/ejustice.ch\/fr\/adhesion\/#breadcrumb\"},\"inLanguage\":\"fr-FR\",\"potentialAction\":[{\"@type\":\"ReadAction\",\"target\":[\"https:\/\/ejustice.ch\/fr\/adhesion\/\"]}]},{\"@type\":\"BreadcrumbList\",\"@id\":\"https:\/\/ejustice.ch\/fr\/adhesion\/#breadcrumb\",\"itemListElement\":[{\"@type\":\"ListItem\",\"position\":1,\"name\":\"Startseite\",\"item\":\"https:\/\/ejustice.ch\/fr\/\"},{\"@type\":\"ListItem\",\"position\":2,\"name\":\"Adh\u00e9sion\"}]},{\"@type\":\"WebSite\",\"@id\":\"https:\/\/ejustice.ch\/fr\/#website\",\"url\":\"https:\/\/ejustice.ch\/fr\/\",\"name\":\"eJustice.ch\",\"description\":\"Verein zur F\u00f6rderung von Informationstechnologie in der Rechtspflege.\",\"publisher\":{\"@id\":\"https:\/\/ejustice.ch\/fr\/#organization\"},\"potentialAction\":[{\"@type\":\"SearchAction\",\"target\":{\"@type\":\"EntryPoint\",\"urlTemplate\":\"https:\/\/ejustice.ch\/fr\/?s={search_term_string}\"},\"query-input\":{\"@type\":\"PropertyValueSpecification\",\"valueRequired\":true,\"valueName\":\"search_term_string\"}}],\"inLanguage\":\"fr-FR\"},{\"@type\":\"Organization\",\"@id\":\"https:\/\/ejustice.ch\/fr\/#organization\",\"name\":\"eJustice.ch\",\"url\":\"https:\/\/ejustice.ch\/fr\/\",\"logo\":{\"@type\":\"ImageObject\",\"inLanguage\":\"fr-FR\",\"@id\":\"https:\/\/ejustice.ch\/fr\/#\/schema\/logo\/image\/\",\"url\":\"https:\/\/ejustice.ch\/wp-content\/uploads\/2024\/07\/eJustice_Logo_Original_Web.png\",\"contentUrl\":\"https:\/\/ejustice.ch\/wp-content\/uploads\/2024\/07\/eJustice_Logo_Original_Web.png\",\"width\":637,\"height\":96,\"caption\":\"eJustice.ch\"},\"image\":{\"@id\":\"https:\/\/ejustice.ch\/fr\/#\/schema\/logo\/image\/\"}}]}<\/script>\n<!-- \/ Yoast SEO plugin. -->","yoast_head_json":{"title":"Adh\u00e9sion - eJustice.ch","description":"eJustice.ch r\u00e9unit autorit\u00e9s et utilisateurs du droit pour promouvoir les technologies dans la justice. Une plateforme unique pour tous.","robots":{"index":"index","follow":"follow","max-snippet":"max-snippet:-1","max-image-preview":"max-image-preview:large","max-video-preview":"max-video-preview:-1"},"canonical":"https:\/\/ejustice.ch\/fr\/adhesion\/","og_locale":"fr_FR","og_type":"article","og_title":"Adh\u00e9sion - eJustice.ch","og_description":"eJustice.ch r\u00e9unit autorit\u00e9s et utilisateurs du droit pour promouvoir les technologies dans la justice. Une plateforme unique pour tous.","og_url":"https:\/\/ejustice.ch\/fr\/adhesion\/","og_site_name":"eJustice.ch","article_modified_time":"2026-01-22T15:03:41+00:00","twitter_card":"summary_large_image","twitter_misc":{"Dur\u00e9e de lecture estim\u00e9e":"3 minutes"},"schema":{"@context":"https:\/\/schema.org","@graph":[{"@type":"WebPage","@id":"https:\/\/ejustice.ch\/fr\/adhesion\/","url":"https:\/\/ejustice.ch\/fr\/adhesion\/","name":"Adh\u00e9sion - eJustice.ch","isPartOf":{"@id":"https:\/\/ejustice.ch\/fr\/#website"},"datePublished":"2024-10-15T10:02:59+00:00","dateModified":"2026-01-22T15:03:41+00:00","description":"eJustice.ch r\u00e9unit autorit\u00e9s et utilisateurs du droit pour promouvoir les technologies dans la justice. Une plateforme unique pour tous.","breadcrumb":{"@id":"https:\/\/ejustice.ch\/fr\/adhesion\/#breadcrumb"},"inLanguage":"fr-FR","potentialAction":[{"@type":"ReadAction","target":["https:\/\/ejustice.ch\/fr\/adhesion\/"]}]},{"@type":"BreadcrumbList","@id":"https:\/\/ejustice.ch\/fr\/adhesion\/#breadcrumb","itemListElement":[{"@type":"ListItem","position":1,"name":"Startseite","item":"https:\/\/ejustice.ch\/fr\/"},{"@type":"ListItem","position":2,"name":"Adh\u00e9sion"}]},{"@type":"WebSite","@id":"https:\/\/ejustice.ch\/fr\/#website","url":"https:\/\/ejustice.ch\/fr\/","name":"eJustice.ch","description":"Verein zur F\u00f6rderung von Informationstechnologie in der Rechtspflege.","publisher":{"@id":"https:\/\/ejustice.ch\/fr\/#organization"},"potentialAction":[{"@type":"SearchAction","target":{"@type":"EntryPoint","urlTemplate":"https:\/\/ejustice.ch\/fr\/?s={search_term_string}"},"query-input":{"@type":"PropertyValueSpecification","valueRequired":true,"valueName":"search_term_string"}}],"inLanguage":"fr-FR"},{"@type":"Organization","@id":"https:\/\/ejustice.ch\/fr\/#organization","name":"eJustice.ch","url":"https:\/\/ejustice.ch\/fr\/","logo":{"@type":"ImageObject","inLanguage":"fr-FR","@id":"https:\/\/ejustice.ch\/fr\/#\/schema\/logo\/image\/","url":"https:\/\/ejustice.ch\/wp-content\/uploads\/2024\/07\/eJustice_Logo_Original_Web.png","contentUrl":"https:\/\/ejustice.ch\/wp-content\/uploads\/2024\/07\/eJustice_Logo_Original_Web.png","width":637,"height":96,"caption":"eJustice.ch"},"image":{"@id":"https:\/\/ejustice.ch\/fr\/#\/schema\/logo\/image\/"}}]}},"_links":{"self":[{"href":"https:\/\/ejustice.ch\/fr\/wp-json\/wp\/v2\/pages\/1317","targetHints":{"allow":["GET"]}}],"collection":[{"href":"https:\/\/ejustice.ch\/fr\/wp-json\/wp\/v2\/pages"}],"about":[{"href":"https:\/\/ejustice.ch\/fr\/wp-json\/wp\/v2\/types\/page"}],"author":[{"embeddable":true,"href":"https:\/\/ejustice.ch\/fr\/wp-json\/wp\/v2\/users\/1"}],"replies":[{"embeddable":true,"href":"https:\/\/ejustice.ch\/fr\/wp-json\/wp\/v2\/comments?post=1317"}],"version-history":[{"count":8,"href":"https:\/\/ejustice.ch\/fr\/wp-json\/wp\/v2\/pages\/1317\/revisions"}],"predecessor-version":[{"id":3345,"href":"https:\/\/ejustice.ch\/fr\/wp-json\/wp\/v2\/pages\/1317\/revisions\/3345"}],"wp:attachment":[{"href":"https:\/\/ejustice.ch\/fr\/wp-json\/wp\/v2\/media?parent=1317"}],"curies":[{"name":"wp","href":"https:\/\/api.w.org\/{rel}","templated":true}]}}