{"id":1331,"date":"2024-10-15T10:00:54","date_gmt":"2024-10-15T10:00:54","guid":{"rendered":"https:\/\/2024.ejustice.ch\/2024\/?page_id=1331"},"modified":"2024-11-28T16:36:32","modified_gmt":"2024-11-28T16:36:32","slug":"evenements","status":"publish","type":"page","link":"https:\/\/ejustice.ch\/fr\/evenements\/","title":{"rendered":"\u00c9v\u00e9nements"},"content":{"rendered":"<div class=\"wpb-content-wrapper\"><p>[vc_row css_animation=\u00a0\u00bb\u00a0\u00bb row_type=\u00a0\u00bbrow\u00a0\u00bb use_row_as_full_screen_section=\u00a0\u00bbno\u00a0\u00bb type=\u00a0\u00bbfull_width\u00a0\u00bb angled_section=\u00a0\u00bbno\u00a0\u00bb text_align=\u00a0\u00bbleft\u00a0\u00bb background_image_as_pattern=\u00a0\u00bbwithout_pattern\u00a0\u00bb css=\u00a0\u00bb.vc_custom_1729175841997{padding-bottom: 126px !important;}\u00a0\u00bb z_index=\u00a0\u00bb\u00a0\u00bb][vc_column css_animation=\u00a0\u00bbnone\u00a0\u00bb css=\u00a0\u00bb.vc_custom_1729175723463{padding-right: 35px !important;padding-left: 35px !important;}\u00a0\u00bb]\n<div class='latest_post_holder dividers four_columns one_row' >\n    <ul>\n    \n        <li class=\"clearfix\">\n            <div class=\"boxes_image\">\n                                <a itemprop=\"url\" href=\"https:\/\/ejustice.ch\/fr\/discussions-au-coin-du-feu\/\"><img loading=\"lazy\" decoding=\"async\" width=\"1666\" height=\"650\" src=\"https:\/\/ejustice.ch\/wp-content\/uploads\/2024\/11\/eJustice_Kamingespraeche_Main4.png\" class=\"attachment-full size-full wp-post-image\" alt=\"\" srcset=\"https:\/\/ejustice.ch\/wp-content\/uploads\/2024\/11\/eJustice_Kamingespraeche_Main4.png 1666w, https:\/\/ejustice.ch\/wp-content\/uploads\/2024\/11\/eJustice_Kamingespraeche_Main4-300x117.png 300w, https:\/\/ejustice.ch\/wp-content\/uploads\/2024\/11\/eJustice_Kamingespraeche_Main4-1024x400.png 1024w, https:\/\/ejustice.ch\/wp-content\/uploads\/2024\/11\/eJustice_Kamingespraeche_Main4-768x300.png 768w, https:\/\/ejustice.ch\/wp-content\/uploads\/2024\/11\/eJustice_Kamingespraeche_Main4-1536x599.png 1536w, https:\/\/ejustice.ch\/wp-content\/uploads\/2024\/11\/eJustice_Kamingespraeche_Main4-700x273.png 700w\" sizes=\"auto, (max-width: 1666px) 100vw, 1666px\" \/><\/a>\n            <\/div>\n            <div class=\"latest_post\"  >\n                <div class=\"latest_post_text\">\n                    <div class=\"latest_post_inner\">\n                        <div itemprop=\"dateCreated\" class=\"latest_post_date entry_date updated\">\n                            <div class=\"latest_post_day\"><\/div>\n                            <div class=\"latest_post_month\"><\/div>\n                            <meta itemprop=\"interactionCount\" content=\"UserComments: 0\" \/>\n                        <\/div>\n\n                        <div class=\"latest_post_text_inner\">\n                            <h4 itemprop=\"name\" class=\"latest_post_title entry_title\"><a itemprop=\"url\" href=\"https:\/\/ejustice.ch\/fr\/discussions-au-coin-du-feu\/\">Discussions au coin du feu<\/a><\/h4>\n                            <p class=\"excerpt\">23 janvier 2025 : la premi\u00e8re \u00ab Discussion au coin du feu \u00bb de l'association eJustice.ch aura lieu dans le cadre de la c\u00e9l\u00e9bration des 40 ans de l'association. Il s\u2019ag...<\/p>                            <span class=\"post_infos\">\n\n                                \n                                \n                                \n                                                            <\/span>\n\n                        <\/div>\n                    <\/div>\n                <\/div>\n            <\/div>\n        <\/li>\n        \n        <li class=\"clearfix\">\n            <div class=\"boxes_image\">\n                                <a itemprop=\"url\" href=\"https:\/\/ejustice.ch\/fr\/open-legal-lab\/\"><img loading=\"lazy\" decoding=\"async\" width=\"1666\" height=\"650\" src=\"https:\/\/ejustice.ch\/wp-content\/uploads\/2024\/11\/eJustice_Open_Legal_Lab_Main4.png\" class=\"attachment-full size-full wp-post-image\" alt=\"\" srcset=\"https:\/\/ejustice.ch\/wp-content\/uploads\/2024\/11\/eJustice_Open_Legal_Lab_Main4.png 1666w, https:\/\/ejustice.ch\/wp-content\/uploads\/2024\/11\/eJustice_Open_Legal_Lab_Main4-300x117.png 300w, https:\/\/ejustice.ch\/wp-content\/uploads\/2024\/11\/eJustice_Open_Legal_Lab_Main4-1024x400.png 1024w, https:\/\/ejustice.ch\/wp-content\/uploads\/2024\/11\/eJustice_Open_Legal_Lab_Main4-768x300.png 768w, https:\/\/ejustice.ch\/wp-content\/uploads\/2024\/11\/eJustice_Open_Legal_Lab_Main4-1536x599.png 1536w, https:\/\/ejustice.ch\/wp-content\/uploads\/2024\/11\/eJustice_Open_Legal_Lab_Main4-700x273.png 700w\" sizes=\"auto, (max-width: 1666px) 100vw, 1666px\" \/><\/a>\n            <\/div>\n            <div class=\"latest_post\"  >\n                <div class=\"latest_post_text\">\n                    <div class=\"latest_post_inner\">\n                        <div itemprop=\"dateCreated\" class=\"latest_post_date entry_date updated\">\n                            <div class=\"latest_post_day\"><\/div>\n                            <div class=\"latest_post_month\"><\/div>\n                            <meta itemprop=\"interactionCount\" content=\"UserComments: 0\" \/>\n                        <\/div>\n\n                        <div class=\"latest_post_text_inner\">\n                            <h4 itemprop=\"name\" class=\"latest_post_title entry_title\"><a itemprop=\"url\" href=\"https:\/\/ejustice.ch\/fr\/open-legal-lab\/\">Open Legal Lab<\/a><\/h4>\n                            <p class=\"excerpt\">L\u2019Open Legal Lab est un \u00e9v\u00e9nement gratuit de deux jours o\u00f9 des expertes de divers domaines tels que le droit, la technologie, le design et l\u2019analyse de donn\u00e9es se r\u00e9un...<\/p>                            <span class=\"post_infos\">\n\n                                \n                                \n                                \n                                                            <\/span>\n\n                        <\/div>\n                    <\/div>\n                <\/div>\n            <\/div>\n        <\/li>\n        \n        <li class=\"clearfix\">\n            <div class=\"boxes_image\">\n                                <a itemprop=\"url\" href=\"https:\/\/ejustice.ch\/fr\/seminaire-dinformatique-juridique-de-macolin\/\"><img loading=\"lazy\" decoding=\"async\" width=\"1666\" height=\"650\" src=\"https:\/\/ejustice.ch\/wp-content\/uploads\/2024\/11\/eJustice_Magglinger_Rechtsinformatikseminar_Main4.png\" class=\"attachment-full size-full wp-post-image\" alt=\"\" srcset=\"https:\/\/ejustice.ch\/wp-content\/uploads\/2024\/11\/eJustice_Magglinger_Rechtsinformatikseminar_Main4.png 1666w, https:\/\/ejustice.ch\/wp-content\/uploads\/2024\/11\/eJustice_Magglinger_Rechtsinformatikseminar_Main4-300x117.png 300w, https:\/\/ejustice.ch\/wp-content\/uploads\/2024\/11\/eJustice_Magglinger_Rechtsinformatikseminar_Main4-1024x400.png 1024w, https:\/\/ejustice.ch\/wp-content\/uploads\/2024\/11\/eJustice_Magglinger_Rechtsinformatikseminar_Main4-768x300.png 768w, https:\/\/ejustice.ch\/wp-content\/uploads\/2024\/11\/eJustice_Magglinger_Rechtsinformatikseminar_Main4-1536x599.png 1536w, https:\/\/ejustice.ch\/wp-content\/uploads\/2024\/11\/eJustice_Magglinger_Rechtsinformatikseminar_Main4-700x273.png 700w\" sizes=\"auto, (max-width: 1666px) 100vw, 1666px\" \/><\/a>\n            <\/div>\n            <div class=\"latest_post\"  >\n                <div class=\"latest_post_text\">\n                    <div class=\"latest_post_inner\">\n                        <div itemprop=\"dateCreated\" class=\"latest_post_date entry_date updated\">\n                            <div class=\"latest_post_day\"><\/div>\n                            <div class=\"latest_post_month\"><\/div>\n                            <meta itemprop=\"interactionCount\" content=\"UserComments: 0\" \/>\n                        <\/div>\n\n                        <div class=\"latest_post_text_inner\">\n                            <h4 itemprop=\"name\" class=\"latest_post_title entry_title\"><a itemprop=\"url\" href=\"https:\/\/ejustice.ch\/fr\/seminaire-dinformatique-juridique-de-macolin\/\">S\u00e9minaire d\u2019informatique juridique de Macolin<\/a><\/h4>\n                            <p class=\"excerpt\">Le 25e s\u00e9minaire d'informatique juridique de Macolin aura lieu les 27 et 28 avril 2026 dans l'aula de la Haute \u00e9cole f\u00e9d\u00e9rale de sport de Macolin HEFSM. Dans le cadre ...<\/p>                            <span class=\"post_infos\">\n\n                                \n                                \n                                \n                                                            <\/span>\n\n                        <\/div>\n                    <\/div>\n                <\/div>\n            <\/div>\n        <\/li>\n        \n        <li class=\"clearfix\">\n            <div class=\"boxes_image\">\n                                <a itemprop=\"url\" href=\"https:\/\/ejustice.ch\/fr\/journee-informatique-juridique\/\"><img loading=\"lazy\" decoding=\"async\" width=\"1666\" height=\"650\" src=\"https:\/\/ejustice.ch\/wp-content\/uploads\/2024\/11\/eJustice_Tagung_fuer_Recht_und_Informatik_Main6.png\" class=\"attachment-full size-full wp-post-image\" alt=\"\" srcset=\"https:\/\/ejustice.ch\/wp-content\/uploads\/2024\/11\/eJustice_Tagung_fuer_Recht_und_Informatik_Main6.png 1666w, https:\/\/ejustice.ch\/wp-content\/uploads\/2024\/11\/eJustice_Tagung_fuer_Recht_und_Informatik_Main6-300x117.png 300w, https:\/\/ejustice.ch\/wp-content\/uploads\/2024\/11\/eJustice_Tagung_fuer_Recht_und_Informatik_Main6-1024x400.png 1024w, https:\/\/ejustice.ch\/wp-content\/uploads\/2024\/11\/eJustice_Tagung_fuer_Recht_und_Informatik_Main6-768x300.png 768w, https:\/\/ejustice.ch\/wp-content\/uploads\/2024\/11\/eJustice_Tagung_fuer_Recht_und_Informatik_Main6-1536x599.png 1536w, https:\/\/ejustice.ch\/wp-content\/uploads\/2024\/11\/eJustice_Tagung_fuer_Recht_und_Informatik_Main6-700x273.png 700w\" sizes=\"auto, (max-width: 1666px) 100vw, 1666px\" \/><\/a>\n            <\/div>\n            <div class=\"latest_post\"  >\n                <div class=\"latest_post_text\">\n                    <div class=\"latest_post_inner\">\n                        <div itemprop=\"dateCreated\" class=\"latest_post_date entry_date updated\">\n                            <div class=\"latest_post_day\"><\/div>\n                            <div class=\"latest_post_month\"><\/div>\n                            <meta itemprop=\"interactionCount\" content=\"UserComments: 0\" \/>\n                        <\/div>\n\n                        <div class=\"latest_post_text_inner\">\n                            <h4 itemprop=\"name\" class=\"latest_post_title entry_title\"><a itemprop=\"url\" href=\"https:\/\/ejustice.ch\/fr\/journee-informatique-juridique\/\">Journ\u00e9e Informatique juridique<\/a><\/h4>\n                            <p class=\"excerpt\">Dans le cadre de la num\u00e9risation de l'\u00e9conomie et de la soci\u00e9t\u00e9, le secteur juridique conna\u00eet lui aussi de plus en plus de progr\u00e8s technologiques. Des mots cl\u00e9s tels q...<\/p>                            <span class=\"post_infos\">\n\n                                \n                                \n                                \n                                                            <\/span>\n\n                        <\/div>\n                    <\/div>\n                <\/div>\n            <\/div>\n        <\/li>\n            <\/ul>\n<\/div>[\/vc_column][\/vc_row]<\/p>\n<\/div>","protected":false},"excerpt":{"rendered":"<p>[vc_row css_animation=\u00a0\u00bb\u00a0\u00bb row_type=\u00a0\u00bbrow\u00a0\u00bb use_row_as_full_screen_section=\u00a0\u00bbno\u00a0\u00bb type=\u00a0\u00bbfull_width\u00a0\u00bb angled_section=\u00a0\u00bbno\u00a0\u00bb text_align=\u00a0\u00bbleft\u00a0\u00bb background_image_as_pattern=\u00a0\u00bbwithout_pattern\u00a0\u00bb css=\u00a0\u00bb.vc_custom_1729175841997{padding-bottom: 126px !important;}\u00a0\u00bb z_index=\u00a0\u00bb\u00a0\u00bb][vc_column css_animation=\u00a0\u00bbnone\u00a0\u00bb css=\u00a0\u00bb.vc_custom_1729175723463{padding-right: 35px !important;padding-left: 35px !important;}\u00a0\u00bb][\/vc_column][\/vc_row]<\/p>\n","protected":false},"author":1,"featured_media":0,"parent":0,"menu_order":0,"comment_status":"closed","ping_status":"closed","template":"full_width.php","meta":{"footnotes":""},"class_list":["post-1331","page","type-page","status-publish","hentry"],"yoast_head":"<!-- This site is optimized with the Yoast SEO plugin v27.2 - https:\/\/yoast.com\/product\/yoast-seo-wordpress\/ -->\n<title>\u00c9v\u00e9nements - eJustice.ch<\/title>\n<meta name=\"description\" content=\"\u00c9v\u00e9nements de l&#039;Association eJustice.ch \u2013 La plateforme pour promouvoir l&#039;informatique dans l&#039;administration de la justice.\" \/>\n<meta name=\"robots\" content=\"index, follow, max-snippet:-1, max-image-preview:large, max-video-preview:-1\" \/>\n<link rel=\"canonical\" href=\"https:\/\/ejustice.ch\/fr\/evenements\/\" \/>\n<meta property=\"og:locale\" content=\"fr_FR\" \/>\n<meta property=\"og:type\" content=\"article\" \/>\n<meta property=\"og:title\" content=\"\u00c9v\u00e9nements - eJustice.ch\" \/>\n<meta property=\"og:description\" content=\"\u00c9v\u00e9nements de l&#039;Association eJustice.ch \u2013 La plateforme pour promouvoir l&#039;informatique dans l&#039;administration de la justice.\" \/>\n<meta property=\"og:url\" content=\"https:\/\/ejustice.ch\/fr\/evenements\/\" \/>\n<meta property=\"og:site_name\" content=\"eJustice.ch\" \/>\n<meta property=\"article:modified_time\" content=\"2024-11-28T16:36:32+00:00\" \/>\n<meta name=\"twitter:card\" content=\"summary_large_image\" \/>\n<meta name=\"twitter:label1\" content=\"Dur\u00e9e de lecture estim\u00e9e\" \/>\n\t<meta name=\"twitter:data1\" content=\"1 minute\" \/>\n<script type=\"application\/ld+json\" class=\"yoast-schema-graph\">{\"@context\":\"https:\/\/schema.org\",\"@graph\":[{\"@type\":\"WebPage\",\"@id\":\"https:\/\/ejustice.ch\/fr\/evenements\/\",\"url\":\"https:\/\/ejustice.ch\/fr\/evenements\/\",\"name\":\"\u00c9v\u00e9nements - eJustice.ch\",\"isPartOf\":{\"@id\":\"https:\/\/ejustice.ch\/fr\/#website\"},\"datePublished\":\"2024-10-15T10:00:54+00:00\",\"dateModified\":\"2024-11-28T16:36:32+00:00\",\"description\":\"\u00c9v\u00e9nements de l'Association eJustice.ch \u2013 La plateforme pour promouvoir l'informatique dans l'administration de la justice.\",\"breadcrumb\":{\"@id\":\"https:\/\/ejustice.ch\/fr\/evenements\/#breadcrumb\"},\"inLanguage\":\"fr-FR\",\"potentialAction\":[{\"@type\":\"ReadAction\",\"target\":[\"https:\/\/ejustice.ch\/fr\/evenements\/\"]}]},{\"@type\":\"BreadcrumbList\",\"@id\":\"https:\/\/ejustice.ch\/fr\/evenements\/#breadcrumb\",\"itemListElement\":[{\"@type\":\"ListItem\",\"position\":1,\"name\":\"Startseite\",\"item\":\"https:\/\/ejustice.ch\/fr\/\"},{\"@type\":\"ListItem\",\"position\":2,\"name\":\"\u00c9v\u00e9nements\"}]},{\"@type\":\"WebSite\",\"@id\":\"https:\/\/ejustice.ch\/fr\/#website\",\"url\":\"https:\/\/ejustice.ch\/fr\/\",\"name\":\"eJustice.ch\",\"description\":\"Verein zur F\u00f6rderung von Informationstechnologie in der Rechtspflege.\",\"publisher\":{\"@id\":\"https:\/\/ejustice.ch\/fr\/#organization\"},\"potentialAction\":[{\"@type\":\"SearchAction\",\"target\":{\"@type\":\"EntryPoint\",\"urlTemplate\":\"https:\/\/ejustice.ch\/fr\/?s={search_term_string}\"},\"query-input\":{\"@type\":\"PropertyValueSpecification\",\"valueRequired\":true,\"valueName\":\"search_term_string\"}}],\"inLanguage\":\"fr-FR\"},{\"@type\":\"Organization\",\"@id\":\"https:\/\/ejustice.ch\/fr\/#organization\",\"name\":\"eJustice.ch\",\"url\":\"https:\/\/ejustice.ch\/fr\/\",\"logo\":{\"@type\":\"ImageObject\",\"inLanguage\":\"fr-FR\",\"@id\":\"https:\/\/ejustice.ch\/fr\/#\/schema\/logo\/image\/\",\"url\":\"https:\/\/ejustice.ch\/wp-content\/uploads\/2024\/07\/eJustice_Logo_Original_Web.png\",\"contentUrl\":\"https:\/\/ejustice.ch\/wp-content\/uploads\/2024\/07\/eJustice_Logo_Original_Web.png\",\"width\":637,\"height\":96,\"caption\":\"eJustice.ch\"},\"image\":{\"@id\":\"https:\/\/ejustice.ch\/fr\/#\/schema\/logo\/image\/\"}}]}<\/script>\n<!-- \/ Yoast SEO plugin. -->","yoast_head_json":{"title":"\u00c9v\u00e9nements - eJustice.ch","description":"\u00c9v\u00e9nements de l'Association eJustice.ch \u2013 La plateforme pour promouvoir l'informatique dans l'administration de la justice.","robots":{"index":"index","follow":"follow","max-snippet":"max-snippet:-1","max-image-preview":"max-image-preview:large","max-video-preview":"max-video-preview:-1"},"canonical":"https:\/\/ejustice.ch\/fr\/evenements\/","og_locale":"fr_FR","og_type":"article","og_title":"\u00c9v\u00e9nements - eJustice.ch","og_description":"\u00c9v\u00e9nements de l'Association eJustice.ch \u2013 La plateforme pour promouvoir l'informatique dans l'administration de la justice.","og_url":"https:\/\/ejustice.ch\/fr\/evenements\/","og_site_name":"eJustice.ch","article_modified_time":"2024-11-28T16:36:32+00:00","twitter_card":"summary_large_image","twitter_misc":{"Dur\u00e9e de lecture estim\u00e9e":"1 minute"},"schema":{"@context":"https:\/\/schema.org","@graph":[{"@type":"WebPage","@id":"https:\/\/ejustice.ch\/fr\/evenements\/","url":"https:\/\/ejustice.ch\/fr\/evenements\/","name":"\u00c9v\u00e9nements - eJustice.ch","isPartOf":{"@id":"https:\/\/ejustice.ch\/fr\/#website"},"datePublished":"2024-10-15T10:00:54+00:00","dateModified":"2024-11-28T16:36:32+00:00","description":"\u00c9v\u00e9nements de l'Association eJustice.ch \u2013 La plateforme pour promouvoir l'informatique dans l'administration de la justice.","breadcrumb":{"@id":"https:\/\/ejustice.ch\/fr\/evenements\/#breadcrumb"},"inLanguage":"fr-FR","potentialAction":[{"@type":"ReadAction","target":["https:\/\/ejustice.ch\/fr\/evenements\/"]}]},{"@type":"BreadcrumbList","@id":"https:\/\/ejustice.ch\/fr\/evenements\/#breadcrumb","itemListElement":[{"@type":"ListItem","position":1,"name":"Startseite","item":"https:\/\/ejustice.ch\/fr\/"},{"@type":"ListItem","position":2,"name":"\u00c9v\u00e9nements"}]},{"@type":"WebSite","@id":"https:\/\/ejustice.ch\/fr\/#website","url":"https:\/\/ejustice.ch\/fr\/","name":"eJustice.ch","description":"Verein zur F\u00f6rderung von Informationstechnologie in der Rechtspflege.","publisher":{"@id":"https:\/\/ejustice.ch\/fr\/#organization"},"potentialAction":[{"@type":"SearchAction","target":{"@type":"EntryPoint","urlTemplate":"https:\/\/ejustice.ch\/fr\/?s={search_term_string}"},"query-input":{"@type":"PropertyValueSpecification","valueRequired":true,"valueName":"search_term_string"}}],"inLanguage":"fr-FR"},{"@type":"Organization","@id":"https:\/\/ejustice.ch\/fr\/#organization","name":"eJustice.ch","url":"https:\/\/ejustice.ch\/fr\/","logo":{"@type":"ImageObject","inLanguage":"fr-FR","@id":"https:\/\/ejustice.ch\/fr\/#\/schema\/logo\/image\/","url":"https:\/\/ejustice.ch\/wp-content\/uploads\/2024\/07\/eJustice_Logo_Original_Web.png","contentUrl":"https:\/\/ejustice.ch\/wp-content\/uploads\/2024\/07\/eJustice_Logo_Original_Web.png","width":637,"height":96,"caption":"eJustice.ch"},"image":{"@id":"https:\/\/ejustice.ch\/fr\/#\/schema\/logo\/image\/"}}]}},"_links":{"self":[{"href":"https:\/\/ejustice.ch\/fr\/wp-json\/wp\/v2\/pages\/1331","targetHints":{"allow":["GET"]}}],"collection":[{"href":"https:\/\/ejustice.ch\/fr\/wp-json\/wp\/v2\/pages"}],"about":[{"href":"https:\/\/ejustice.ch\/fr\/wp-json\/wp\/v2\/types\/page"}],"author":[{"embeddable":true,"href":"https:\/\/ejustice.ch\/fr\/wp-json\/wp\/v2\/users\/1"}],"replies":[{"embeddable":true,"href":"https:\/\/ejustice.ch\/fr\/wp-json\/wp\/v2\/comments?post=1331"}],"version-history":[{"count":2,"href":"https:\/\/ejustice.ch\/fr\/wp-json\/wp\/v2\/pages\/1331\/revisions"}],"predecessor-version":[{"id":1405,"href":"https:\/\/ejustice.ch\/fr\/wp-json\/wp\/v2\/pages\/1331\/revisions\/1405"}],"wp:attachment":[{"href":"https:\/\/ejustice.ch\/fr\/wp-json\/wp\/v2\/media?parent=1331"}],"curies":[{"name":"wp","href":"https:\/\/api.w.org\/{rel}","templated":true}]}}