{"id":1353,"date":"2024-10-15T10:07:08","date_gmt":"2024-10-15T10:07:08","guid":{"rendered":"https:\/\/2024.ejustice.ch\/2024\/?page_id=1353"},"modified":"2024-11-18T11:08:06","modified_gmt":"2024-11-18T11:08:06","slug":"imprimer","status":"publish","type":"page","link":"https:\/\/ejustice.ch\/fr\/imprimer\/","title":{"rendered":"Imprimer"},"content":{"rendered":"<div class=\"wpb-content-wrapper\"><p>[vc_row css_animation=\u00a0\u00bb\u00a0\u00bb row_type=\u00a0\u00bbrow\u00a0\u00bb use_row_as_full_screen_section=\u00a0\u00bbno\u00a0\u00bb type=\u00a0\u00bbfull_width\u00a0\u00bb angled_section=\u00a0\u00bbno\u00a0\u00bb text_align=\u00a0\u00bbleft\u00a0\u00bb background_image_as_pattern=\u00a0\u00bbwithout_pattern\u00a0\u00bb css=\u00a0\u00bb.vc_custom_1730467385148{padding-top: 126px !important;padding-bottom: 55px !important;background-color: #ffffff !important;}\u00a0\u00bb z_index=\u00a0\u00bb\u00a0\u00bb][vc_column width=\u00a0\u00bb1\/2&Prime;][vc_column_text css=\u00a0\u00bb\u00a0\u00bb]<\/p>\n<h3 id=\"tw-target-text\" dir=\"ltr\" data-placeholder=\"\u00dcbersetzung\" data-ved=\"2ahUKEwilwrmInruJAxWqg_0HHdn_BhsQ3ewLegQICRAU\" aria-label=\"\u00dcbersetzter Text: Responsable\"><span lang=\"fr\">Responsable<\/span><\/h3>\n<p>[\/vc_column_text][vc_empty_space height=\u00a0\u00bb17px\u00a0\u00bb][vc_column_text css=\u00a0\u00bb\u00a0\u00bb]<\/p>\n<p id=\"tw-target-text\" dir=\"ltr\" data-placeholder=\"\u00dcbersetzung\" data-ved=\"2ahUKEwilwrmInruJAxWqg_0HHdn_BhsQ3ewLegQICRAU\" aria-label=\"\u00dcbersetzter Text: Association eJustice.ch Bo\u00eete postale 3001 Berne\"><span lang=\"fr\"><strong>Association eJustice.ch<\/strong><br \/>\nBo\u00eete postale<br \/>\n3001 Berne<\/span><\/p>\n<p>[\/vc_column_text][vc_empty_space height=\u00a0\u00bb17px\u00a0\u00bb][vc_column_text css=\u00a0\u00bb\u00a0\u00bb]+41 58 462 47 23[\/vc_column_text][vc_column_text css=\u00a0\u00bb\u00a0\u00bb]info(at)ejustice.ch[\/vc_column_text][vc_empty_space][vc_column_text css=\u00a0\u00bb\u00a0\u00bb]<\/p>\n<h4 id=\"tw-target-text\" dir=\"ltr\" data-placeholder=\"\u00dcbersetzung\" data-ved=\"2ahUKEwilwrmInruJAxWqg_0HHdn_BhsQ3ewLegQICRAU\" aria-label=\"\u00dcbersetzter Text: Site Web de mise en \u0153uvre\"><span lang=\"fr\">Site Web de mise en \u0153uvre<\/span><\/h4>\n<p>[\/vc_column_text][vc_empty_space height=\u00a0\u00bb17px\u00a0\u00bb][vc_column_text css=\u00a0\u00bb\u00a0\u00bb]<\/p>\n<p id=\"tw-target-text\" dir=\"ltr\" data-placeholder=\"\u00dcbersetzung\" data-ved=\"2ahUKEwilwrmInruJAxWqg_0HHdn_BhsQ3ewLegQICRAU\" aria-label=\"\u00dcbersetzter Text: Ce site Web a \u00e9t\u00e9 cr\u00e9\u00e9 \u00e0 l'aide du CMS WordPress. Conception et r\u00e9alisation du site internet :\"><span lang=\"fr\">Ce site Web a \u00e9t\u00e9 cr\u00e9\u00e9 \u00e0 l&rsquo;aide du CMS WordPress.<br \/>\nConception et r\u00e9alisation du site internet:<\/span><\/p>\n<p>[\/vc_column_text][vc_empty_space height=\u00a0\u00bb17px\u00a0\u00bb][vc_column_text css=\u00a0\u00bb\u00a0\u00bb]<a href=\"https:\/\/simubaumann.ch\" target=\"_blank\" rel=\"noopener\">Simon Baumann Design<\/a><br \/>\nSeestrasse 60<br \/>\n3806 B\u00f6nigen[\/vc_column_text][vc_empty_space][\/vc_column][vc_column width=\u00a0\u00bb1\/2&Prime;][vc_column_text css=\u00a0\u00bb\u00a0\u00bb]<\/p>\n<h4 id=\"tw-target-text\" dir=\"ltr\" data-placeholder=\"\u00dcbersetzung\" data-ved=\"2ahUKEwilwrmInruJAxWqg_0HHdn_BhsQ3ewLegQICRAU\" aria-label=\"\u00dcbersetzter Text: Droits \u00e0 l'image et droits d'auteur\"><span lang=\"fr\">Droits \u00e0 l&rsquo;image et droits d&rsquo;auteur<\/span><\/h4>\n<p>[\/vc_column_text][vc_empty_space height=\u00a0\u00bb17px\u00a0\u00bb][vc_column_text css=\u00a0\u00bb\u00a0\u00bb]<\/p>\n<div>\n<div>\n<p id=\"tw-target-text\" dir=\"ltr\" data-placeholder=\"\u00dcbersetzung\" data-ved=\"2ahUKEwilwrmInruJAxWqg_0HHdn_BhsQ3ewLegQICRAU\" aria-label=\"\u00dcbersetzter Text: Le contenu, les documents, les \u0153uvres et les mat\u00e9riaux utilis\u00e9s sur ce site Internet cr\u00e9\u00e9s et fournis par l'exploitant sont soumis au droit d'auteur. Le t\u00e9l\u00e9chargement, l'impression et la sauvegarde des donn\u00e9es de ce site Web pour un usage priv\u00e9 uniquement sont autoris\u00e9s ; toute utilisation au-del\u00e0 n\u00e9cessite notre accord expr\u00e8s. Si le contenu de ce site Web n'a pas \u00e9t\u00e9 cr\u00e9\u00e9 par l'exploitant, les droits d'auteur de tiers sont respect\u00e9s. En particulier, les contenus tiers seront marqu\u00e9s comme tels ci-dessous.\"><span lang=\"fr\">Le contenu, les documents, les \u0153uvres et les mat\u00e9riaux utilis\u00e9s sur ce site Internet cr\u00e9\u00e9s et fournis par l&rsquo;exploitant sont soumis au droit d&rsquo;auteur. Le t\u00e9l\u00e9chargement, l&rsquo;impression et la sauvegarde des donn\u00e9es de ce site Web pour un usage priv\u00e9 uniquement sont autoris\u00e9s ; toute utilisation au-del\u00e0 n\u00e9cessite notre accord expr\u00e8s. Si le contenu de ce site Web n&rsquo;a pas \u00e9t\u00e9 cr\u00e9\u00e9 par l&rsquo;exploitant, les droits d&rsquo;auteur de tiers sont respect\u00e9s. En particulier, les contenus tiers seront marqu\u00e9s comme tels ci-dessous.<\/span><\/p>\n<\/div>\n<\/div>\n<p>[\/vc_column_text][vc_empty_space height=\u00a0\u00bb17px\u00a0\u00bb][vc_column_text css=\u00a0\u00bb\u00a0\u00bb]<\/p>\n<div class=\"wpb_text_column wpb_content_element \">\n<div class=\"wpb_wrapper\">\n<div class=\"wpb_text_column wpb_content_element \">\n<div class=\"wpb_wrapper\">\n<p id=\"tw-target-text\" dir=\"ltr\" data-placeholder=\"\u00dcbersetzung\" data-ved=\"2ahUKEwilwrmInruJAxWqg_0HHdn_BhsQ3ewLegQICRAU\" aria-label=\"\u00dcbersetzter Text: Tous les textes\"><span lang=\"fr\">Tous les textes <\/span>\u00a9 eJustice.ch, https:\/\/ejustice.ch<br \/>\n<span lang=\"fr\">Photos <\/span>\u00a9 eJustice.ch, https:\/\/ejustice.ch<br \/>\n<span lang=\"fr\">Photos <\/span>\u00a9 <a href=\"https:\/\/www.freepik.com\/\">freepik.com<\/a> Premium<\/p>\n<\/div>\n<\/div>\n<\/div>\n<\/div>\n<p>[\/vc_column_text][vc_empty_space][\/vc_column][\/vc_row]<\/p>\n<\/div>","protected":false},"excerpt":{"rendered":"<p>[vc_row css_animation=\u00a0\u00bb\u00a0\u00bb row_type=\u00a0\u00bbrow\u00a0\u00bb use_row_as_full_screen_section=\u00a0\u00bbno\u00a0\u00bb type=\u00a0\u00bbfull_width\u00a0\u00bb angled_section=\u00a0\u00bbno\u00a0\u00bb text_align=\u00a0\u00bbleft\u00a0\u00bb background_image_as_pattern=\u00a0\u00bbwithout_pattern\u00a0\u00bb css=\u00a0\u00bb.vc_custom_1730467385148{padding-top: 126px !important;padding-bottom: 55px !important;background-color: #ffffff !important;}\u00a0\u00bb z_index=\u00a0\u00bb\u00a0\u00bb][vc_column width=\u00a0\u00bb1\/2&Prime;][vc_column_text css=\u00a0\u00bb\u00a0\u00bb] Responsable [\/vc_column_text][vc_empty_space height=\u00a0\u00bb17px\u00a0\u00bb][vc_column_text css=\u00a0\u00bb\u00a0\u00bb] Association eJustice.ch Bo\u00eete postale 3001 Berne [\/vc_column_text][vc_empty_space height=\u00a0\u00bb17px\u00a0\u00bb][vc_column_text css=\u00a0\u00bb\u00a0\u00bb]+41 58 462 47 23[\/vc_column_text][vc_column_text css=\u00a0\u00bb\u00a0\u00bb]info(at)ejustice.ch[\/vc_column_text][vc_empty_space][vc_column_text css=\u00a0\u00bb\u00a0\u00bb] Site Web de mise en \u0153uvre [\/vc_column_text][vc_empty_space height=\u00a0\u00bb17px\u00a0\u00bb][vc_column_text&#8230;<\/p>\n","protected":false},"author":1,"featured_media":0,"parent":0,"menu_order":0,"comment_status":"closed","ping_status":"closed","template":"","meta":{"footnotes":""},"class_list":["post-1353","page","type-page","status-publish","hentry"],"yoast_head":"<!-- This site is optimized with the Yoast SEO plugin v27.2 - https:\/\/yoast.com\/product\/yoast-seo-wordpress\/ -->\n<title>Imprimer - eJustice.ch<\/title>\n<meta name=\"description\" content=\"eJustice.ch \u2013 La plateforme pour promouvoir l&#039;informatique dans l&#039;administration de la justice.\" \/>\n<meta name=\"robots\" content=\"index, follow, max-snippet:-1, max-image-preview:large, max-video-preview:-1\" \/>\n<link rel=\"canonical\" href=\"https:\/\/ejustice.ch\/fr\/imprimer\/\" \/>\n<meta property=\"og:locale\" content=\"fr_FR\" \/>\n<meta property=\"og:type\" content=\"article\" \/>\n<meta property=\"og:title\" content=\"Imprimer - eJustice.ch\" \/>\n<meta property=\"og:description\" content=\"eJustice.ch \u2013 La plateforme pour promouvoir l&#039;informatique dans l&#039;administration de la justice.\" \/>\n<meta property=\"og:url\" content=\"https:\/\/ejustice.ch\/fr\/imprimer\/\" \/>\n<meta property=\"og:site_name\" content=\"eJustice.ch\" \/>\n<meta property=\"article:modified_time\" content=\"2024-11-18T11:08:06+00:00\" \/>\n<meta name=\"twitter:card\" content=\"summary_large_image\" \/>\n<meta name=\"twitter:label1\" content=\"Dur\u00e9e de lecture estim\u00e9e\" \/>\n\t<meta name=\"twitter:data1\" content=\"2 minutes\" \/>\n<script type=\"application\/ld+json\" class=\"yoast-schema-graph\">{\"@context\":\"https:\/\/schema.org\",\"@graph\":[{\"@type\":\"WebPage\",\"@id\":\"https:\/\/ejustice.ch\/fr\/imprimer\/\",\"url\":\"https:\/\/ejustice.ch\/fr\/imprimer\/\",\"name\":\"Imprimer - eJustice.ch\",\"isPartOf\":{\"@id\":\"https:\/\/ejustice.ch\/fr\/#website\"},\"datePublished\":\"2024-10-15T10:07:08+00:00\",\"dateModified\":\"2024-11-18T11:08:06+00:00\",\"description\":\"eJustice.ch \u2013 La plateforme pour promouvoir l'informatique dans l'administration de la justice.\",\"breadcrumb\":{\"@id\":\"https:\/\/ejustice.ch\/fr\/imprimer\/#breadcrumb\"},\"inLanguage\":\"fr-FR\",\"potentialAction\":[{\"@type\":\"ReadAction\",\"target\":[\"https:\/\/ejustice.ch\/fr\/imprimer\/\"]}]},{\"@type\":\"BreadcrumbList\",\"@id\":\"https:\/\/ejustice.ch\/fr\/imprimer\/#breadcrumb\",\"itemListElement\":[{\"@type\":\"ListItem\",\"position\":1,\"name\":\"Startseite\",\"item\":\"https:\/\/ejustice.ch\/fr\/\"},{\"@type\":\"ListItem\",\"position\":2,\"name\":\"Imprimer\"}]},{\"@type\":\"WebSite\",\"@id\":\"https:\/\/ejustice.ch\/fr\/#website\",\"url\":\"https:\/\/ejustice.ch\/fr\/\",\"name\":\"eJustice.ch\",\"description\":\"Verein zur F\u00f6rderung von Informationstechnologie in der Rechtspflege.\",\"publisher\":{\"@id\":\"https:\/\/ejustice.ch\/fr\/#organization\"},\"potentialAction\":[{\"@type\":\"SearchAction\",\"target\":{\"@type\":\"EntryPoint\",\"urlTemplate\":\"https:\/\/ejustice.ch\/fr\/?s={search_term_string}\"},\"query-input\":{\"@type\":\"PropertyValueSpecification\",\"valueRequired\":true,\"valueName\":\"search_term_string\"}}],\"inLanguage\":\"fr-FR\"},{\"@type\":\"Organization\",\"@id\":\"https:\/\/ejustice.ch\/fr\/#organization\",\"name\":\"eJustice.ch\",\"url\":\"https:\/\/ejustice.ch\/fr\/\",\"logo\":{\"@type\":\"ImageObject\",\"inLanguage\":\"fr-FR\",\"@id\":\"https:\/\/ejustice.ch\/fr\/#\/schema\/logo\/image\/\",\"url\":\"https:\/\/ejustice.ch\/wp-content\/uploads\/2024\/07\/eJustice_Logo_Original_Web.png\",\"contentUrl\":\"https:\/\/ejustice.ch\/wp-content\/uploads\/2024\/07\/eJustice_Logo_Original_Web.png\",\"width\":637,\"height\":96,\"caption\":\"eJustice.ch\"},\"image\":{\"@id\":\"https:\/\/ejustice.ch\/fr\/#\/schema\/logo\/image\/\"}}]}<\/script>\n<!-- \/ Yoast SEO plugin. -->","yoast_head_json":{"title":"Imprimer - eJustice.ch","description":"eJustice.ch \u2013 La plateforme pour promouvoir l'informatique dans l'administration de la justice.","robots":{"index":"index","follow":"follow","max-snippet":"max-snippet:-1","max-image-preview":"max-image-preview:large","max-video-preview":"max-video-preview:-1"},"canonical":"https:\/\/ejustice.ch\/fr\/imprimer\/","og_locale":"fr_FR","og_type":"article","og_title":"Imprimer - eJustice.ch","og_description":"eJustice.ch \u2013 La plateforme pour promouvoir l'informatique dans l'administration de la justice.","og_url":"https:\/\/ejustice.ch\/fr\/imprimer\/","og_site_name":"eJustice.ch","article_modified_time":"2024-11-18T11:08:06+00:00","twitter_card":"summary_large_image","twitter_misc":{"Dur\u00e9e de lecture estim\u00e9e":"2 minutes"},"schema":{"@context":"https:\/\/schema.org","@graph":[{"@type":"WebPage","@id":"https:\/\/ejustice.ch\/fr\/imprimer\/","url":"https:\/\/ejustice.ch\/fr\/imprimer\/","name":"Imprimer - eJustice.ch","isPartOf":{"@id":"https:\/\/ejustice.ch\/fr\/#website"},"datePublished":"2024-10-15T10:07:08+00:00","dateModified":"2024-11-18T11:08:06+00:00","description":"eJustice.ch \u2013 La plateforme pour promouvoir l'informatique dans l'administration de la justice.","breadcrumb":{"@id":"https:\/\/ejustice.ch\/fr\/imprimer\/#breadcrumb"},"inLanguage":"fr-FR","potentialAction":[{"@type":"ReadAction","target":["https:\/\/ejustice.ch\/fr\/imprimer\/"]}]},{"@type":"BreadcrumbList","@id":"https:\/\/ejustice.ch\/fr\/imprimer\/#breadcrumb","itemListElement":[{"@type":"ListItem","position":1,"name":"Startseite","item":"https:\/\/ejustice.ch\/fr\/"},{"@type":"ListItem","position":2,"name":"Imprimer"}]},{"@type":"WebSite","@id":"https:\/\/ejustice.ch\/fr\/#website","url":"https:\/\/ejustice.ch\/fr\/","name":"eJustice.ch","description":"Verein zur F\u00f6rderung von Informationstechnologie in der Rechtspflege.","publisher":{"@id":"https:\/\/ejustice.ch\/fr\/#organization"},"potentialAction":[{"@type":"SearchAction","target":{"@type":"EntryPoint","urlTemplate":"https:\/\/ejustice.ch\/fr\/?s={search_term_string}"},"query-input":{"@type":"PropertyValueSpecification","valueRequired":true,"valueName":"search_term_string"}}],"inLanguage":"fr-FR"},{"@type":"Organization","@id":"https:\/\/ejustice.ch\/fr\/#organization","name":"eJustice.ch","url":"https:\/\/ejustice.ch\/fr\/","logo":{"@type":"ImageObject","inLanguage":"fr-FR","@id":"https:\/\/ejustice.ch\/fr\/#\/schema\/logo\/image\/","url":"https:\/\/ejustice.ch\/wp-content\/uploads\/2024\/07\/eJustice_Logo_Original_Web.png","contentUrl":"https:\/\/ejustice.ch\/wp-content\/uploads\/2024\/07\/eJustice_Logo_Original_Web.png","width":637,"height":96,"caption":"eJustice.ch"},"image":{"@id":"https:\/\/ejustice.ch\/fr\/#\/schema\/logo\/image\/"}}]}},"_links":{"self":[{"href":"https:\/\/ejustice.ch\/fr\/wp-json\/wp\/v2\/pages\/1353","targetHints":{"allow":["GET"]}}],"collection":[{"href":"https:\/\/ejustice.ch\/fr\/wp-json\/wp\/v2\/pages"}],"about":[{"href":"https:\/\/ejustice.ch\/fr\/wp-json\/wp\/v2\/types\/page"}],"author":[{"embeddable":true,"href":"https:\/\/ejustice.ch\/fr\/wp-json\/wp\/v2\/users\/1"}],"replies":[{"embeddable":true,"href":"https:\/\/ejustice.ch\/fr\/wp-json\/wp\/v2\/comments?post=1353"}],"version-history":[{"count":5,"href":"https:\/\/ejustice.ch\/fr\/wp-json\/wp\/v2\/pages\/1353\/revisions"}],"predecessor-version":[{"id":1872,"href":"https:\/\/ejustice.ch\/fr\/wp-json\/wp\/v2\/pages\/1353\/revisions\/1872"}],"wp:attachment":[{"href":"https:\/\/ejustice.ch\/fr\/wp-json\/wp\/v2\/media?parent=1353"}],"curies":[{"name":"wp","href":"https:\/\/api.w.org\/{rel}","templated":true}]}}