{"id":1355,"date":"2024-10-15T10:07:43","date_gmt":"2024-10-15T10:07:43","guid":{"rendered":"https:\/\/2024.ejustice.ch\/2024\/?page_id=1355"},"modified":"2024-11-24T12:17:22","modified_gmt":"2024-11-24T12:17:22","slug":"protection-des-donnees","status":"publish","type":"page","link":"https:\/\/ejustice.ch\/fr\/protection-des-donnees\/","title":{"rendered":"Protection des donn\u00e9es"},"content":{"rendered":"<div class=\"wpb-content-wrapper\"><p>[vc_row css_animation=\u00a0\u00bb\u00a0\u00bb row_type=\u00a0\u00bbrow\u00a0\u00bb use_row_as_full_screen_section=\u00a0\u00bbno\u00a0\u00bb type=\u00a0\u00bbgrid\u00a0\u00bb angled_section=\u00a0\u00bbno\u00a0\u00bb text_align=\u00a0\u00bbleft\u00a0\u00bb background_image_as_pattern=\u00a0\u00bbwithout_pattern\u00a0\u00bb z_index=\u00a0\u00bb\u00a0\u00bb padding_top=\u00a0\u00bb75&Prime; padding_bottom=\u00a0\u00bb16&Prime; css=\u00a0\u00bb.vc_custom_1728993055219{padding-top: 126px !important;padding-bottom: 54px !important;background-color: #ffffff !important;}\u00a0\u00bb anchor=\u00a0\u00bbmenschen\u00a0\u00bb][vc_column][vc_column_text css=\u00a0\u00bb\u00a0\u00bb]<\/p>\n<h4>1. Remarques g\u00e9n\u00e9rales<\/h4>\n<p>[\/vc_column_text][vc_empty_space height=\u00a0\u00bb17px\u00a0\u00bb][vc_column_text css=\u00a0\u00bb\u00a0\u00bb]<\/p>\n<p style=\"font-weight: 400;\">L\u2019art. 13 de la Constitution f\u00e9d\u00e9rale, ainsi que le droit de la protection des donn\u00e9es, garantissent \u00e0 chacun le respect de la vie priv\u00e9e et la protection contre l\u2019emploi abusif de donn\u00e9es personnelles. Le site Internet et le service en ligne de l&rsquo;association eJustice.ch (ci-apr\u00e8s association) sont conformes \u00e0 ces dispositions. Par ailleurs, les donn\u00e9es personnelles sont trait\u00e9es conform\u00e9ment \u00e0 l&rsquo;art. 6, al. 1 du R\u00e8glement g\u00e9n\u00e9ral europ\u00e9en sur la protection des donn\u00e9es (RGPD), dans la mesure o\u00f9 le RGPD est applicable.<\/p>\n<p>[\/vc_column_text][vc_empty_space][vc_column_text css=\u00a0\u00bb\u00a0\u00bb]<\/p>\n<h4>2. Champ d&rsquo;application<\/h4>\n<p>[\/vc_column_text][vc_empty_space height=\u00a0\u00bb17px\u00a0\u00bb][vc_column_text css=\u00a0\u00bb\u00a0\u00bb]<\/p>\n<p style=\"font-weight: 400;\">La pr\u00e9sente politique de confidentialit\u00e9 s&rsquo;applique au site Internet de l\u2019association, ainsi qu&rsquo;aux donn\u00e9es personnelles collect\u00e9es via ce site. Elle peut \u00eatre modifi\u00e9e \u00e0 tout moment sans pr\u00e9avis. Les sites de tiers auxquels renvoie ce site sont soumis \u00e0 leurs propres politiques de confidentialit\u00e9.<\/p>\n<p>[\/vc_column_text][vc_empty_space][vc_column_text css=\u00a0\u00bb\u00a0\u00bb]<\/p>\n<h4>3. Renvois<\/h4>\n<p>[\/vc_column_text][vc_empty_space height=\u00a0\u00bb17px\u00a0\u00bb][vc_column_text css=\u00a0\u00bb\u00a0\u00bb]<\/p>\n<p style=\"font-weight: 400;\">L&rsquo;association n&rsquo;a d&rsquo;influence ni sur les sites externes auxquels elle renvoie, ni sur les sites externes qui renvoient \u00e0 ses propres offres. Elle ne peut donc garantir ni la fiabilit\u00e9 ni la s\u00e9curit\u00e9 de ces sites (fausses informations, virus, maliciels, etc.). Les contenus et services propos\u00e9s sont de la responsabilit\u00e9 des tiers concern\u00e9s. L&rsquo;association d\u00e9cline toute responsabilit\u00e9.<\/p>\n<p>[\/vc_column_text][vc_empty_space][vc_column_text css=\u00a0\u00bb\u00a0\u00bb]<\/p>\n<h4>4. Traitement des donn\u00e9es personnelles<\/h4>\n<p>[\/vc_column_text][vc_empty_space height=\u00a0\u00bb17px\u00a0\u00bb][vc_column_text css=\u00a0\u00bb\u00a0\u00bb]<\/p>\n<h4>a) <strong>Conservation et effacement<\/strong><\/h4>\n<p>[\/vc_column_text][vc_empty_space height=\u00a0\u00bb17px\u00a0\u00bb][vc_column_text css=\u00a0\u00bb\u00a0\u00bb]<\/p>\n<p style=\"font-weight: 400;\">Ne sont trait\u00e9es que les donn\u00e9es n\u00e9cessaires \u00e0 leur utilisation et \u00e0 leur convivialit\u00e9 et, le cas \u00e9ch\u00e9ant, les donn\u00e9es que vous choisissez de fournir en vue notamment d&rsquo;une adh\u00e9sion \u00e0 l&rsquo;association ou d\u2019une inscription \u00e0 la newsletter de l\u2019association, ou les donn\u00e9es dont vous avez accept\u00e9 l&rsquo;utilisation sur ce site ou \u00e0 des fins marketing, comme notamment les vid\u00e9os ou les photos dans le cadre d&rsquo;\u00e9v\u00e9nements organis\u00e9s par l&rsquo;association (par ex. Open Legal Lab, r\u00e9unions de l&rsquo;association, etc.). Les donn\u00e9es personnelles ne sont conserv\u00e9es que le temps de remplir le but pour lequel elles ont \u00e9t\u00e9 collect\u00e9es. Des exigences l\u00e9gales ou d&rsquo;autres obligations peuvent entra\u00eener un d\u00e9lai de conservation plus long.<\/p>\n<p>[\/vc_column_text][vc_empty_space][vc_column_text css=\u00a0\u00bb\u00a0\u00bb]<\/p>\n<h4>b) <strong>Enregistrement des donn\u00e9es de formulaires<\/strong><\/h4>\n<p>[\/vc_column_text][vc_empty_space height=\u00a0\u00bb17px\u00a0\u00bb][vc_column_text css=\u00a0\u00bb\u00a0\u00bb]<\/p>\n<p style=\"font-weight: 400;\">Lorsque vous compl\u00e9tez un formulaire (par ex. formulaire de contact), seules sont trait\u00e9es les donn\u00e9es qui sont n\u00e9cessaires pour remplir le but envisag\u00e9. Les donn\u00e9es sont effac\u00e9es au plus tard \u00e0 l&rsquo;expiration du d\u00e9lai l\u00e9gal de conservation. Si un formulaire mentionne express\u00e9ment que nous pouvons \u00e9galement utiliser les donn\u00e9es que vous avez mises \u00e0 disposition \u00e0 des fins de marketing, ces donn\u00e9es seront supprim\u00e9es \u00e0 votre demande.<\/p>\n<p>[\/vc_column_text][vc_empty_space][vc_column_text css=\u00a0\u00bb\u00a0\u00bb]<\/p>\n<h4>c) <strong>Enregistrement lors de l&rsquo;inscription \u00e0 la newsletter<\/strong><\/h4>\n<p>[\/vc_column_text][vc_empty_space height=\u00a0\u00bb17px\u00a0\u00bb][vc_column_text css=\u00a0\u00bb\u00a0\u00bb]<\/p>\n<p style=\"font-weight: 400;\">Lors de l&rsquo;inscription \u00e0 la newsletter, les donn\u00e9es suivantes vous sont demand\u00e9es\u00a0: adresse \u00e9lectronique (obligatoire)\u00a0; titre, pr\u00e9nom et nom (facultatifs). Les donn\u00e9es personnelles que vous avez fournies pour vous inscrire \u00e0 la newsletter sont imm\u00e9diatement effac\u00e9es lorsque vous vous en d\u00e9sinscrivez.<\/p>\n<p>[\/vc_column_text][vc_empty_space][vc_column_text css=\u00a0\u00bb\u00a0\u00bb]<\/p>\n<h4>d) <strong>Enregistrement \u00e0 des fins statistiques<\/strong><\/h4>\n<p>[\/vc_column_text][vc_empty_space height=\u00a0\u00bb17px\u00a0\u00bb][vc_column_text css=\u00a0\u00bb\u00a0\u00bb]<\/p>\n<p style=\"font-weight: 400;\">Lorsque vous acc\u00e9dez \u00e0 ce site, les donn\u00e9es suivantes sont enregistr\u00e9es dans des fichiers journaux\u00a0: adresse IP, date, heure, requ\u00eates du navigateur et informations sur l&rsquo;appareil utilis\u00e9, notamment le syst\u00e8me d&rsquo;exploitation et le navigateur. Ces donn\u00e9es sont exploit\u00e9es \u00e0 l&rsquo;aide d&rsquo;outils de statistiques Internet (voir ci-dessous). Le but est d&rsquo;am\u00e9liorer continuellement la communication.<\/p>\n<p>[\/vc_column_text][vc_empty_space height=\u00a0\u00bb17px\u00a0\u00bb][vc_column_text css=\u00a0\u00bb\u00a0\u00bb]<\/p>\n<p style=\"font-weight: 400;\"><strong>Outils de statistiques Internet<\/strong>\u00a0:\u00a0Ce site utilise les outils d&rsquo;analyse web \u00ab\u00a0AwStats\u00a0\u00bb et \u00ab\u00a0Google Analytics\u00a0\u00bb pour analyser et optimiser l&rsquo;exp\u00e9rience des utilisateurs. \u00ab\u00a0Google Analytics\u00a0\u00bb est un service d&rsquo;analyse web de Google LLC., 1600 Amphitheatre Parkway, Mountain View, CA 94043, USA.<\/p>\n<ul>\n<li>AwStats enregistre des donn\u00e9es d&rsquo;utilisation anonymes sur un serveur suisse et permet de d\u00e9sactiver les cookies par le biais des param\u00e8tres du navigateur. Plus d&rsquo;informations sur les cookies figurent au point 4.e ci-dessous.<\/li>\n<li>Google Analytics analyse le comportement des utilisateurs sur tous les appareils au moyen de l&rsquo;ID utilisateur, pour autant qu&rsquo;un compte d&rsquo;utilisateur Google soit disponible. Sur ce site, Google Analytics est utilis\u00e9 avec le code \u00ab _anonymizeIp () ; \u00bb afin de saisir les adresses IP de mani\u00e8re anonyme. Les adresses IP sont ainsi raccourcies, ce qui exclut toute r\u00e9f\u00e9rence personnelle. Exceptionnellement, l&rsquo;adresse IP peut \u00eatre transmise dans son entier \u00e0 un serveur Google aux \u00c9tats-Unis et y \u00eatre raccourcie. Google utilise ces donn\u00e9es pour le compte de l&rsquo;exploitant de ce site afin d&rsquo;\u00e9valuer l&rsquo;utilisation et d&rsquo;\u00e9tablir des rapports. Dans ces cas, le Privacy Shield UE-USA s&rsquo;applique.<\/li>\n<\/ul>\n<p>[\/vc_column_text][vc_empty_space][vc_column_text css=\u00a0\u00bb\u00a0\u00bb]<\/p>\n<h4>e) <strong>T\u00e9moins (cookies)<\/strong><\/h4>\n<p>[\/vc_column_text][vc_empty_space height=\u00a0\u00bb17px\u00a0\u00bb][vc_column_text css=\u00a0\u00bb\u00a0\u00bb]<\/p>\n<p style=\"font-weight: 400;\">Ce site utilise des t\u00e9moins pour rendre la navigation plus agr\u00e9able et offrir certaines fonctions. Il s&rsquo;agit de petits fichiers texte stock\u00e9s sur votre ordinateur. La plupart des t\u00e9moins sont supprim\u00e9s de votre disque dur lorsque vous fermez votre navigateur (t\u00e9moins de session). D&rsquo;autres restent sur votre ordinateur et sont capables de vous reconna\u00eetre si vous revenez sur le m\u00eame site (t\u00e9moins permanents).<\/p>\n<p style=\"font-weight: 400;\">Vous pouvez bloquer l&rsquo;utilisation de t\u00e9moins dans votre navigateur en limitant ou en d\u00e9sactivant leur enregistrement et leur lecture. Sans t\u00e9moins, vous ne pourrez toutefois pas utiliser toutes les fonctions offertes par ce site.<\/p>\n<p>[\/vc_column_text][vc_empty_space][vc_column_text css=\u00a0\u00bb\u00a0\u00bb]<\/p>\n<h4>f) <strong>R\u00e9seaux sociaux et autres services de tiers<\/strong><\/h4>\n<p>[\/vc_column_text][vc_empty_space height=\u00a0\u00bb17px\u00a0\u00bb][vc_column_text css=\u00a0\u00bb\u00a0\u00bb]<\/p>\n<p style=\"font-weight: 400;\">L&rsquo;association dispose de comptes et profils sur les r\u00e9seaux sociaux (Twitter, Facebook, LinkedIn, Xing, Instagram, etc.). Ces sites et services sont propos\u00e9s et g\u00e9r\u00e9s par des tiers. Chacun d&rsquo;entre eux est dot\u00e9 de sa propre politique de confidentialit\u00e9.<\/p>\n<p style=\"font-weight: 400;\">Par ailleurs, des services de tiers, comme YouTube, Twitter, Google Maps, Google Ads, le moteur de recherche personnalis\u00e9 Google, etc. sont int\u00e9gr\u00e9s. Ces fournisseurs utilisent aussi des t\u00e9moins. Lorsqu&rsquo;ils utilisent les sites de l\u2019association, les utilisateurs transmettent automatiquement des donn\u00e9es \u00e0 ces fournisseurs. Ces cas de figure sont soumis express\u00e9ment aux r\u00e8gles de protection des donn\u00e9es des fournisseurs concern\u00e9s. Les utilisateurs doivent alors \u00eatre conscients que des donn\u00e9es peuvent \u00eatre collect\u00e9es et transmises \u00e0 des tiers. Si un utilisateur est simultan\u00e9ment connect\u00e9 \u00e0 un compte d&rsquo;un autre service, les informations transmises peuvent \u00eatre directement associ\u00e9es \u00e0 ce compte.<\/p>\n<p style=\"font-weight: 400;\">L\u2019association n&rsquo;a aucune influence sur la collecte et l&rsquo;utilisation de ces donn\u00e9es. Elle ne sait pas quelle est l&rsquo;envergure des donn\u00e9es enregistr\u00e9es, o\u00f9 elles sont enregistr\u00e9es, pendant combien de temps elles le sont, si les \u00e9ventuelles r\u00e8gles d&rsquo;effacement sont respect\u00e9es, quelles \u00e9valuations et associations sont effectu\u00e9es avec ces donn\u00e9es ni \u00e0 qui elles sont transmises.<\/p>\n<p style=\"font-weight: 400;\">Principaux services de tiers utilis\u00e9s sur le site\u00a0:<\/p>\n<p style=\"font-weight: 400;\"><strong>YouTube<\/strong>\u00a0: d\u00e8s que vous regardez une vid\u00e9o YouTube sur ce site, une connexion<br \/>\nest \u00e9tablie avec les serveurs de YouTube (YouTube LLC, 901 Cherry Ave., San Bruno, CA 94066, USA\u00a0; filiale de Google LLC). Des modules externes (plugins) peuvent \u00eatre utilis\u00e9s occasionnellement. YouTube est inform\u00e9 de votre adresse IP et des pages consult\u00e9es.<\/p>\n<p style=\"font-weight: 400;\"><strong>Google Maps<\/strong>\u00a0: le service de cartographie Google Maps de Google LLC est parfois utilis\u00e9 pour afficher une carte interactive et cr\u00e9er des itin\u00e9raires. Lors de l&rsquo;utilisation de Google Maps, des informations sur votre utilisation (comme l&rsquo;adresse IP) peuvent \u00eatre enregistr\u00e9es et transmises \u00e0 un serveur de Google aux \u00c9tats-Unis.<\/p>\n<p style=\"font-weight: 400;\"><strong>Moteur de recherche personnalis\u00e9 Google<\/strong>\u00a0: Lors de l&rsquo;utilisation du champ de recherche (envoi du formulaire), les donn\u00e9es de l&rsquo;utilisateur sont transmises \u00e0 Google. Vous trouverez des informations sur le traitement des donn\u00e9es dans le document suivant\u00a0:\u00a0<a href=\"https:\/\/policies.google.com\/privacy?hl=fr&amp;gl=de\" target=\"_blank\" rel=\"noopener\">R\u00e8gles de confidentialit\u00e9 de Google<\/a>.<\/p>\n<p>[\/vc_column_text][vc_empty_space][vc_column_text css=\u00a0\u00bb\u00a0\u00bb]<\/p>\n<h4>5. Vos droits<\/h4>\n<p>[\/vc_column_text][vc_empty_space height=\u00a0\u00bb17px\u00a0\u00bb][vc_column_text css=\u00a0\u00bb\u00a0\u00bb]<\/p>\n<p style=\"font-weight: 400;\">Vous avez le droit de demander \u00e0 tout moment, gratuitement, des informations sur le traitement de vos donn\u00e9es personnelles. Vous trouverez le service \u00e0 contacter dans l&rsquo;impressum. La loi pr\u00e9voit d&rsquo;autres droits en mati\u00e8re de donn\u00e9es, notamment en ce qui concerne l&rsquo;effacement, la correction, la restriction du traitement et la transmission.<\/p>\n<p style=\"font-weight: 400;\">Pour fonctionner, les sites de l&rsquo;administration f\u00e9d\u00e9rale utilisent des donn\u00e9es et en enregistrent dans des fichiers journaux. Les utilisateurs n&rsquo;ont donc pas de droit d&rsquo;opposition \u00e0 cet \u00e9gard.<\/p>\n<p>[\/vc_column_text][vc_empty_space][vc_column_text css=\u00a0\u00bb\u00a0\u00bb]<\/p>\n<h4>6. <strong>S\u00e9curit\u00e9 des donn\u00e9es<\/strong><\/h4>\n<p>[\/vc_column_text][vc_empty_space height=\u00a0\u00bb17px\u00a0\u00bb][vc_column_text css=\u00a0\u00bb\u00a0\u00bb]<\/p>\n<p style=\"font-weight: 400;\">Site Internet\u00a0: Lorsque vous consultez ce site, l\u2019association utilise une communication de donn\u00e9es chiffr\u00e9e fond\u00e9e sur le protocole TLS en lien avec le niveau de chiffrement le plus \u00e9lev\u00e9 que votre navigateur propose. Vous pouvez reconna\u00eetre les pages chiffr\u00e9es au symbole de cl\u00e9 ou de cadenas dans la barre d&rsquo;adresse de votre navigateur.<\/p>\n<p style=\"font-weight: 400;\">Traitement g\u00e9n\u00e9ral des donn\u00e9es\u00a0: L\u2019association applique des mesures de s\u00e9curit\u00e9 techniques et organisationnelles pour prot\u00e9ger les donn\u00e9es trait\u00e9es contre les manipulations accidentelles ou intentionnelles, les pertes partielles ou totales, les destructions et les acc\u00e8s non autoris\u00e9s. Ces mesures correspondent \u00e0 l&rsquo;\u00e9tat actuel de la technique.<\/p>\n<p>[\/vc_column_text][vc_empty_space][vc_column_text css=\u00a0\u00bb\u00a0\u00bb]<\/p>\n<h4>7. <strong>Fonctionnement<\/strong><\/h4>\n<p>[\/vc_column_text][vc_empty_space height=\u00a0\u00bb17px\u00a0\u00bb][vc_column_text css=\u00a0\u00bb\u00a0\u00bb]<\/p>\n<div><span lang=\"FR-CH\">Le serveur utilis\u00e9 pour faire fonctionner ce site est entretenu par Plesk.<\/span><\/div>\n<p>[\/vc_column_text][vc_empty_space][vc_column_text css=\u00a0\u00bb\u00a0\u00bb]<\/p>\n<h4>8. <strong>Personne de contact<\/strong><\/h4>\n<p>[\/vc_column_text][vc_empty_space height=\u00a0\u00bb17px\u00a0\u00bb][vc_column_text css=\u00a0\u00bb\u00a0\u00bb]<\/p>\n<p style=\"font-weight: 400;\">Si vous avez des questions sur le traitement des donn\u00e9es ou si vous pensez que vos droits ne sont pas respect\u00e9s, veuillez contacter info(at)ejustice.ch<\/p>\n<p>[\/vc_column_text][vc_empty_space height=\u00a0\u00bb54px\u00a0\u00bb][\/vc_column][\/vc_row]<\/p>\n<\/div>","protected":false},"excerpt":{"rendered":"<p>[vc_row css_animation=\u00a0\u00bb\u00a0\u00bb row_type=\u00a0\u00bbrow\u00a0\u00bb use_row_as_full_screen_section=\u00a0\u00bbno\u00a0\u00bb type=\u00a0\u00bbgrid\u00a0\u00bb angled_section=\u00a0\u00bbno\u00a0\u00bb text_align=\u00a0\u00bbleft\u00a0\u00bb background_image_as_pattern=\u00a0\u00bbwithout_pattern\u00a0\u00bb z_index=\u00a0\u00bb\u00a0\u00bb padding_top=\u00a0\u00bb75&Prime; padding_bottom=\u00a0\u00bb16&Prime; css=\u00a0\u00bb.vc_custom_1728993055219{padding-top: 126px !important;padding-bottom: 54px !important;background-color: #ffffff !important;}\u00a0\u00bb anchor=\u00a0\u00bbmenschen\u00a0\u00bb][vc_column][vc_column_text css=\u00a0\u00bb\u00a0\u00bb] 1. Remarques g\u00e9n\u00e9rales [\/vc_column_text][vc_empty_space height=\u00a0\u00bb17px\u00a0\u00bb][vc_column_text css=\u00a0\u00bb\u00a0\u00bb] L\u2019art. 13 de la Constitution f\u00e9d\u00e9rale, ainsi que le droit de la protection des donn\u00e9es, garantissent \u00e0 chacun le&#8230;<\/p>\n","protected":false},"author":1,"featured_media":0,"parent":0,"menu_order":0,"comment_status":"closed","ping_status":"closed","template":"full_width.php","meta":{"footnotes":""},"class_list":["post-1355","page","type-page","status-publish","hentry"],"yoast_head":"<!-- This site is optimized with the Yoast SEO plugin v27.2 - https:\/\/yoast.com\/product\/yoast-seo-wordpress\/ -->\n<title>Protection des donn\u00e9es - eJustice.ch<\/title>\n<meta name=\"description\" content=\"eJustice.ch \u2013 La plateforme pour promouvoir l&#039;informatique dans l&#039;administration de la justice.\" \/>\n<meta name=\"robots\" content=\"index, follow, max-snippet:-1, max-image-preview:large, max-video-preview:-1\" \/>\n<link rel=\"canonical\" href=\"https:\/\/ejustice.ch\/fr\/protection-des-donnees\/\" \/>\n<meta property=\"og:locale\" content=\"fr_FR\" \/>\n<meta property=\"og:type\" content=\"article\" \/>\n<meta property=\"og:title\" content=\"Protection des donn\u00e9es - eJustice.ch\" \/>\n<meta property=\"og:description\" content=\"eJustice.ch \u2013 La plateforme pour promouvoir l&#039;informatique dans l&#039;administration de la justice.\" \/>\n<meta property=\"og:url\" content=\"https:\/\/ejustice.ch\/fr\/protection-des-donnees\/\" \/>\n<meta property=\"og:site_name\" content=\"eJustice.ch\" \/>\n<meta property=\"article:modified_time\" content=\"2024-11-24T12:17:22+00:00\" \/>\n<meta name=\"twitter:card\" content=\"summary_large_image\" \/>\n<meta name=\"twitter:label1\" content=\"Dur\u00e9e de lecture estim\u00e9e\" \/>\n\t<meta name=\"twitter:data1\" content=\"9 minutes\" \/>\n<script type=\"application\/ld+json\" class=\"yoast-schema-graph\">{\"@context\":\"https:\/\/schema.org\",\"@graph\":[{\"@type\":\"WebPage\",\"@id\":\"https:\/\/ejustice.ch\/fr\/protection-des-donnees\/\",\"url\":\"https:\/\/ejustice.ch\/fr\/protection-des-donnees\/\",\"name\":\"Protection des donn\u00e9es - eJustice.ch\",\"isPartOf\":{\"@id\":\"https:\/\/ejustice.ch\/fr\/#website\"},\"datePublished\":\"2024-10-15T10:07:43+00:00\",\"dateModified\":\"2024-11-24T12:17:22+00:00\",\"description\":\"eJustice.ch \u2013 La plateforme pour promouvoir l'informatique dans l'administration de la justice.\",\"breadcrumb\":{\"@id\":\"https:\/\/ejustice.ch\/fr\/protection-des-donnees\/#breadcrumb\"},\"inLanguage\":\"fr-FR\",\"potentialAction\":[{\"@type\":\"ReadAction\",\"target\":[\"https:\/\/ejustice.ch\/fr\/protection-des-donnees\/\"]}]},{\"@type\":\"BreadcrumbList\",\"@id\":\"https:\/\/ejustice.ch\/fr\/protection-des-donnees\/#breadcrumb\",\"itemListElement\":[{\"@type\":\"ListItem\",\"position\":1,\"name\":\"Startseite\",\"item\":\"https:\/\/ejustice.ch\/fr\/\"},{\"@type\":\"ListItem\",\"position\":2,\"name\":\"Protection des donn\u00e9es\"}]},{\"@type\":\"WebSite\",\"@id\":\"https:\/\/ejustice.ch\/fr\/#website\",\"url\":\"https:\/\/ejustice.ch\/fr\/\",\"name\":\"eJustice.ch\",\"description\":\"Verein zur F\u00f6rderung von Informationstechnologie in der Rechtspflege.\",\"publisher\":{\"@id\":\"https:\/\/ejustice.ch\/fr\/#organization\"},\"potentialAction\":[{\"@type\":\"SearchAction\",\"target\":{\"@type\":\"EntryPoint\",\"urlTemplate\":\"https:\/\/ejustice.ch\/fr\/?s={search_term_string}\"},\"query-input\":{\"@type\":\"PropertyValueSpecification\",\"valueRequired\":true,\"valueName\":\"search_term_string\"}}],\"inLanguage\":\"fr-FR\"},{\"@type\":\"Organization\",\"@id\":\"https:\/\/ejustice.ch\/fr\/#organization\",\"name\":\"eJustice.ch\",\"url\":\"https:\/\/ejustice.ch\/fr\/\",\"logo\":{\"@type\":\"ImageObject\",\"inLanguage\":\"fr-FR\",\"@id\":\"https:\/\/ejustice.ch\/fr\/#\/schema\/logo\/image\/\",\"url\":\"https:\/\/ejustice.ch\/wp-content\/uploads\/2024\/07\/eJustice_Logo_Original_Web.png\",\"contentUrl\":\"https:\/\/ejustice.ch\/wp-content\/uploads\/2024\/07\/eJustice_Logo_Original_Web.png\",\"width\":637,\"height\":96,\"caption\":\"eJustice.ch\"},\"image\":{\"@id\":\"https:\/\/ejustice.ch\/fr\/#\/schema\/logo\/image\/\"}}]}<\/script>\n<!-- \/ Yoast SEO plugin. -->","yoast_head_json":{"title":"Protection des donn\u00e9es - eJustice.ch","description":"eJustice.ch \u2013 La plateforme pour promouvoir l'informatique dans l'administration de la justice.","robots":{"index":"index","follow":"follow","max-snippet":"max-snippet:-1","max-image-preview":"max-image-preview:large","max-video-preview":"max-video-preview:-1"},"canonical":"https:\/\/ejustice.ch\/fr\/protection-des-donnees\/","og_locale":"fr_FR","og_type":"article","og_title":"Protection des donn\u00e9es - eJustice.ch","og_description":"eJustice.ch \u2013 La plateforme pour promouvoir l'informatique dans l'administration de la justice.","og_url":"https:\/\/ejustice.ch\/fr\/protection-des-donnees\/","og_site_name":"eJustice.ch","article_modified_time":"2024-11-24T12:17:22+00:00","twitter_card":"summary_large_image","twitter_misc":{"Dur\u00e9e de lecture estim\u00e9e":"9 minutes"},"schema":{"@context":"https:\/\/schema.org","@graph":[{"@type":"WebPage","@id":"https:\/\/ejustice.ch\/fr\/protection-des-donnees\/","url":"https:\/\/ejustice.ch\/fr\/protection-des-donnees\/","name":"Protection des donn\u00e9es - eJustice.ch","isPartOf":{"@id":"https:\/\/ejustice.ch\/fr\/#website"},"datePublished":"2024-10-15T10:07:43+00:00","dateModified":"2024-11-24T12:17:22+00:00","description":"eJustice.ch \u2013 La plateforme pour promouvoir l'informatique dans l'administration de la justice.","breadcrumb":{"@id":"https:\/\/ejustice.ch\/fr\/protection-des-donnees\/#breadcrumb"},"inLanguage":"fr-FR","potentialAction":[{"@type":"ReadAction","target":["https:\/\/ejustice.ch\/fr\/protection-des-donnees\/"]}]},{"@type":"BreadcrumbList","@id":"https:\/\/ejustice.ch\/fr\/protection-des-donnees\/#breadcrumb","itemListElement":[{"@type":"ListItem","position":1,"name":"Startseite","item":"https:\/\/ejustice.ch\/fr\/"},{"@type":"ListItem","position":2,"name":"Protection des donn\u00e9es"}]},{"@type":"WebSite","@id":"https:\/\/ejustice.ch\/fr\/#website","url":"https:\/\/ejustice.ch\/fr\/","name":"eJustice.ch","description":"Verein zur F\u00f6rderung von Informationstechnologie in der Rechtspflege.","publisher":{"@id":"https:\/\/ejustice.ch\/fr\/#organization"},"potentialAction":[{"@type":"SearchAction","target":{"@type":"EntryPoint","urlTemplate":"https:\/\/ejustice.ch\/fr\/?s={search_term_string}"},"query-input":{"@type":"PropertyValueSpecification","valueRequired":true,"valueName":"search_term_string"}}],"inLanguage":"fr-FR"},{"@type":"Organization","@id":"https:\/\/ejustice.ch\/fr\/#organization","name":"eJustice.ch","url":"https:\/\/ejustice.ch\/fr\/","logo":{"@type":"ImageObject","inLanguage":"fr-FR","@id":"https:\/\/ejustice.ch\/fr\/#\/schema\/logo\/image\/","url":"https:\/\/ejustice.ch\/wp-content\/uploads\/2024\/07\/eJustice_Logo_Original_Web.png","contentUrl":"https:\/\/ejustice.ch\/wp-content\/uploads\/2024\/07\/eJustice_Logo_Original_Web.png","width":637,"height":96,"caption":"eJustice.ch"},"image":{"@id":"https:\/\/ejustice.ch\/fr\/#\/schema\/logo\/image\/"}}]}},"_links":{"self":[{"href":"https:\/\/ejustice.ch\/fr\/wp-json\/wp\/v2\/pages\/1355","targetHints":{"allow":["GET"]}}],"collection":[{"href":"https:\/\/ejustice.ch\/fr\/wp-json\/wp\/v2\/pages"}],"about":[{"href":"https:\/\/ejustice.ch\/fr\/wp-json\/wp\/v2\/types\/page"}],"author":[{"embeddable":true,"href":"https:\/\/ejustice.ch\/fr\/wp-json\/wp\/v2\/users\/1"}],"replies":[{"embeddable":true,"href":"https:\/\/ejustice.ch\/fr\/wp-json\/wp\/v2\/comments?post=1355"}],"version-history":[{"count":8,"href":"https:\/\/ejustice.ch\/fr\/wp-json\/wp\/v2\/pages\/1355\/revisions"}],"predecessor-version":[{"id":2044,"href":"https:\/\/ejustice.ch\/fr\/wp-json\/wp\/v2\/pages\/1355\/revisions\/2044"}],"wp:attachment":[{"href":"https:\/\/ejustice.ch\/fr\/wp-json\/wp\/v2\/media?parent=1355"}],"curies":[{"name":"wp","href":"https:\/\/api.w.org\/{rel}","templated":true}]}}